{"id":71,"date":"2024-01-31T17:37:53","date_gmt":"2024-01-31T16:37:53","guid":{"rendered":"https:\/\/christianegrimm.se\/?page_id=71"},"modified":"2024-08-22T13:54:46","modified_gmt":"2024-08-22T11:54:46","slug":"contact-feng-shui-consultant-architect","status":"publish","type":"page","link":"https:\/\/christianegrimm.se\/sv\/contact-feng-shui-consultant-architect\/","title":{"rendered":"Kontakt"},"content":{"rendered":"\t\t<div data-elementor-type=\"wp-page\" data-elementor-id=\"71\" class=\"elementor elementor-71\">\n\t\t\t\t<div class=\"elementor-element elementor-element-5a1970a e-flex e-con-boxed e-con e-parent\" data-id=\"5a1970a\" data-element_type=\"container\" data-e-type=\"container\">\n\t\t\t\t\t<div class=\"e-con-inner\">\n\t\t<div class=\"elementor-element elementor-element-767a29b e-con-full e-flex e-con e-child\" data-id=\"767a29b\" data-element_type=\"container\" data-e-type=\"container\">\n\t\t\t\t<div class=\"elementor-element elementor-element-196a8e2 elementor-widget__width-inherit elementor-widget elementor-widget-heading\" data-id=\"196a8e2\" data-element_type=\"widget\" data-e-type=\"widget\" data-widget_type=\"heading.default\">\n\t\t\t\t<div class=\"elementor-widget-container\">\n\t\t\t\t\t<h5 class=\"elementor-heading-title elementor-size-default\">Arch. Christiane Grimm<\/h5>\t\t\t\t<\/div>\n\t\t\t\t<\/div>\n\t\t\t\t<div class=\"elementor-element elementor-element-f784d59 elementor-widget__width-initial elementor-widget elementor-widget-text-editor\" data-id=\"f784d59\" data-element_type=\"widget\" data-e-type=\"widget\" data-widget_type=\"text-editor.default\">\n\t\t\t\t<div class=\"elementor-widget-container\">\n\t\t\t\t\t\t\t\t\t<p>129 40 Stockholm<\/p><p>Sweden<\/p><p>Tel +46 723725971<\/p><p><strong>info@christianegrimm.se<\/strong><\/p><p>www.christianegrimm.se<\/p>\t\t\t\t\t\t\t\t<\/div>\n\t\t\t\t<\/div>\n\t\t\t\t<\/div>\n\t\t\t\t\t<\/div>\n\t\t\t\t<\/div>\n\t\t<div class=\"elementor-element elementor-element-307c9c2 e-con-full e-flex e-con e-parent\" data-id=\"307c9c2\" data-element_type=\"container\" data-e-type=\"container\" data-settings=\"{&quot;background_background&quot;:&quot;classic&quot;}\">\n\t\t\t\t<div class=\"elementor-element elementor-element-f3057bc elementor-widget__width-initial elementor-widget-mobile__width-initial elementor-widget elementor-widget-wpforms\" data-id=\"f3057bc\" data-element_type=\"widget\" data-e-type=\"widget\" data-widget_type=\"wpforms.default\">\n\t\t\t\t<div class=\"elementor-widget-container\">\n\t\t\t\t\t<style id=\"wpforms-css-vars-elementor-widget-f3057bc\">\n\t\t\t\t.elementor-widget-wpforms.elementor-element-f3057bc {\n\t\t\t\t--wpforms-field-background-color: #FAFBFC;\n--wpforms-button-background-color: #463058;\n--wpforms-button-border-radius: 2px;\n--wpforms-field-text-color: #54595F;\n--wpforms-button-text-color: #FAFBFC;\n--wpforms-field-size-input-height: 31px;\n--wpforms-field-size-input-spacing: 10px;\n--wpforms-field-size-font-size: 14px;\n--wpforms-field-size-line-height: 17px;\n--wpforms-field-size-padding-h: 9px;\n--wpforms-field-size-checkbox-size: 14px;\n--wpforms-field-size-sublabel-spacing: 5px;\n--wpforms-field-size-icon-size: 0.75;\n\t\t\t}\n\t\t\t<\/style><div class=\"wpforms-container wpforms-container-full wpforms-render-modern\" id=\"wpforms-1771\"><form id=\"wpforms-form-1771\" class=\"wpforms-validate wpforms-form wpforms-ajax-form\" data-formid=\"1771\" method=\"post\" enctype=\"multipart\/form-data\" action=\"\/sv\/wp-json\/wp\/v2\/pages\/71\" data-token=\"b1fe0a287c38f42cd9171c7c846bdd50\" data-token-time=\"1776209336\"><noscript class=\"wpforms-error-noscript\">Aktivera JavaScript i din webbl\u00e4sare f\u00f6r att fylla i formul\u00e4ret.<\/noscript><div id=\"wpforms-error-noscript\" style=\"display: none;\">Aktivera JavaScript i din webbl\u00e4sare f\u00f6r att fylla i formul\u00e4ret.<\/div><div class=\"wpforms-field-container\"><div id=\"wpforms-1771-field_0-container\" class=\"wpforms-field wpforms-field-name\" data-field-id=\"0\"><fieldset><legend class=\"wpforms-field-label\">Name <span class=\"wpforms-required-label\" aria-hidden=\"true\">*<\/span><\/legend><div class=\"wpforms-field-row wpforms-field-medium\"><div class=\"wpforms-field-row-block wpforms-first wpforms-one-half\"><input type=\"text\" id=\"wpforms-1771-field_0\" class=\"wpforms-field-name-first wpforms-field-required\" name=\"wpforms[fields][0][first]\" aria-errormessage=\"wpforms-1771-field_0-error\" required><label for=\"wpforms-1771-field_0\" class=\"wpforms-field-sublabel after\">F\u00f6rst<\/label><\/div><div class=\"wpforms-field-row-block wpforms-one-half\"><input type=\"text\" id=\"wpforms-1771-field_0-last\" class=\"wpforms-field-name-last wpforms-field-required\" name=\"wpforms[fields][0][last]\" aria-errormessage=\"wpforms-1771-field_0-last-error\" required><label for=\"wpforms-1771-field_0-last\" class=\"wpforms-field-sublabel after\">Sist<\/label><\/div><\/div><\/fieldset><\/div><div id=\"wpforms-1771-field_1-container\" class=\"wpforms-field wpforms-field-email\" data-field-id=\"1\"><fieldset><legend class=\"wpforms-field-label\">Email <span class=\"wpforms-required-label\" aria-hidden=\"true\">*<\/span><\/legend><div class=\"wpforms-field-row wpforms-field-medium\"><div class=\"wpforms-field-row-block wpforms-one-half wpforms-first\"><input type=\"email\" id=\"wpforms-1771-field_1\" class=\"wpforms-field-required wpforms-field-email-primary\" name=\"wpforms[fields][1][primary]\" spellcheck=\"false\" aria-errormessage=\"wpforms-1771-field_1-error\" required><label for=\"wpforms-1771-field_1\" class=\"wpforms-field-sublabel after\">E-post<\/label><\/div><div class=\"wpforms-field-row-block wpforms-one-half\"><input type=\"email\" id=\"wpforms-1771-field_1-secondary\" class=\"wpforms-field-email-secondary wpforms-field-required\" data-rule-confirm=\"#wpforms-1771-field_1\" name=\"wpforms[fields][1][secondary]\" spellcheck=\"false\" aria-errormessage=\"wpforms-1771-field_1-secondary-error\" required><label for=\"wpforms-1771-field_1-secondary\" class=\"wpforms-field-sublabel after\">Bekr\u00e4fta e-post<\/label><\/div><\/div><\/fieldset><\/div><div id=\"wpforms-1771-field_2-container\" class=\"wpforms-field wpforms-field-textarea\" data-field-id=\"2\"><label class=\"wpforms-field-label\" for=\"wpforms-1771-field_2\">Your Message <span class=\"wpforms-required-label\" aria-hidden=\"true\">*<\/span><\/label><textarea id=\"wpforms-1771-field_2\" class=\"wpforms-field-medium wpforms-field-required\" name=\"wpforms[fields][2]\" aria-errormessage=\"wpforms-1771-field_2-error\" required><\/textarea><\/div><\/div><!-- .wpforms-field-container --><div class=\"wpforms-submit-container\" ><input type=\"hidden\" name=\"wpforms[id]\" value=\"1771\"><input type=\"hidden\" name=\"page_title\" value=\"\"><input type=\"hidden\" name=\"page_url\" value=\"https:\/\/christianegrimm.se\/sv\/wp-json\/wp\/v2\/pages\/71\"><input type=\"hidden\" name=\"url_referer\" value=\"\"><button type=\"submit\" name=\"wpforms[submit]\" id=\"wpforms-submit-1771\" class=\"wpforms-submit\" data-alt-text=\"Sending\u2026\" data-submit-text=\"Submit\" aria-live=\"assertive\" value=\"wpforms-submit\">Submit<\/button><img decoding=\"async\" src=\"https:\/\/christianegrimm.se\/wp-content\/plugins\/wpforms-lite\/assets\/images\/submit-spin.svg\" class=\"wpforms-submit-spinner\" style=\"display: none;\" width=\"26\" height=\"26\" alt=\"Laddar\"><\/div><\/form><\/div>  <!-- .wpforms-container -->\t\t\t\t<\/div>\n\t\t\t\t<\/div>\n\t\t\t\t<\/div>\n\t\t\t\t<\/div>\n\t\t","protected":false},"excerpt":{"rendered":"<p>Arch. Christiane Grimm 129 40 Stockholm Sweden Tel +46 723725971 info@christianegrimm.se www.christianegrimm.se Please enable JavaScript in your browser to complete this form.Please enable JavaScript in your browser to complete this form. Name * FirstLast Email * EmailConfirm Email Your Message * Submit<\/p>","protected":false},"author":1,"featured_media":0,"parent":0,"menu_order":0,"comment_status":"closed","ping_status":"closed","template":"","meta":{"rank_math_lock_modified_date":false,"footnotes":""},"class_list":["post-71","page","type-page","status-publish","hentry"],"blocksy_meta":[],"_links":{"self":[{"href":"https:\/\/christianegrimm.se\/sv\/wp-json\/wp\/v2\/pages\/71","targetHints":{"allow":["GET"]}}],"collection":[{"href":"https:\/\/christianegrimm.se\/sv\/wp-json\/wp\/v2\/pages"}],"about":[{"href":"https:\/\/christianegrimm.se\/sv\/wp-json\/wp\/v2\/types\/page"}],"author":[{"embeddable":true,"href":"https:\/\/christianegrimm.se\/sv\/wp-json\/wp\/v2\/users\/1"}],"replies":[{"embeddable":true,"href":"https:\/\/christianegrimm.se\/sv\/wp-json\/wp\/v2\/comments?post=71"}],"version-history":[{"count":532,"href":"https:\/\/christianegrimm.se\/sv\/wp-json\/wp\/v2\/pages\/71\/revisions"}],"predecessor-version":[{"id":11174,"href":"https:\/\/christianegrimm.se\/sv\/wp-json\/wp\/v2\/pages\/71\/revisions\/11174"}],"wp:attachment":[{"href":"https:\/\/christianegrimm.se\/sv\/wp-json\/wp\/v2\/media?parent=71"}],"curies":[{"name":"wp","href":"https:\/\/api.w.org\/{rel}","templated":true}]}}