{"id":69,"date":"2024-01-31T17:37:36","date_gmt":"2024-01-31T16:37:36","guid":{"rendered":"https:\/\/christianegrimm.se\/?page_id=69"},"modified":"2026-01-09T06:31:04","modified_gmt":"2026-01-09T05:31:04","slug":"walk-talk","status":"publish","type":"page","link":"https:\/\/christianegrimm.se\/sv\/walk-talk\/","title":{"rendered":"Walk talk"},"content":{"rendered":"<div data-elementor-type=\"wp-page\" data-elementor-id=\"69\" class=\"elementor elementor-69\">\n\t\t\t\t<div class=\"elementor-element elementor-element-fef3a40 e-con-full e-flex e-con e-parent\" data-id=\"fef3a40\" data-element_type=\"container\" data-e-type=\"container\">\n\t\t<div class=\"elementor-element elementor-element-7c02d1d e-con-full e-flex e-con e-child\" data-id=\"7c02d1d\" data-element_type=\"container\" data-e-type=\"container\">\n\t\t\t\t<div class=\"elementor-element elementor-element-a1bb5a4 elementor-widget__width-inherit elementor-widget elementor-widget-heading\" data-id=\"a1bb5a4\" data-element_type=\"widget\" data-e-type=\"widget\" data-widget_type=\"heading.default\">\n\t\t\t\t<div class=\"elementor-widget-container\">\n\t\t\t\t\t<h1 class=\"elementor-heading-title elementor-size-default\">Feng Shui - Walk talk<\/h1>\t\t\t\t<\/div>\n\t\t\t\t<\/div>\n\t\t\t\t<div class=\"elementor-element elementor-element-ede0006 elementor-widget__width-inherit elementor-widget elementor-widget-heading\" data-id=\"ede0006\" data-element_type=\"widget\" data-e-type=\"widget\" data-widget_type=\"heading.default\">\n\t\t\t\t<div class=\"elementor-widget-container\">\n\t\t\t\t\t<h5 class=\"elementor-heading-title elementor-size-default\">Med en arkitekt on tour i Stockholm.<\/h5>\t\t\t\t<\/div>\n\t\t\t\t<\/div>\n\t\t\t\t<\/div>\n\t\t\t\t<\/div>\n\t\t<div class=\"elementor-element elementor-element-8c83d93 e-con-full e-flex e-con e-parent\" data-id=\"8c83d93\" data-element_type=\"container\" data-e-type=\"container\">\n\t\t<div class=\"elementor-element elementor-element-0418689 e-con-full e-flex e-con e-child\" data-id=\"0418689\" data-element_type=\"container\" data-e-type=\"container\">\n\t\t\t\t<div class=\"elementor-element elementor-element-a5056cf elementor-widget elementor-widget-text-editor\" data-id=\"a5056cf\" data-element_type=\"widget\" data-e-type=\"widget\" data-widget_type=\"text-editor.default\">\n\t\t\t\t<div class=\"elementor-widget-container\">\n\t\t\t\t\t\t\t\t\t<p>My new project, started last year, are guided thematic Feng Shui tours.<\/p><p>En varmt v\u00e4lkommen alla som \u00e4r nyfikna p\u00e5 Feng Shui, eller\/och vill l\u00e4ra sig mer om det.\u00a0<\/p><p>Tillsammans kommer vi att utforska hur Feng Shui till\u00e4mpas i v\u00e5r byggda milj\u00f6 - hem och kontor. Jag kommer att f\u00f6rklara n\u00e5gra Feng Shui-koncept, och vi kommer att titta p\u00e5 flera exempel och diskutera dessa principer i praktiken. Min avsikt \u00e4r att dela med mig av min kunskap till dig, samt att erbjuda en allm\u00e4n f\u00f6rst\u00e5else f\u00f6r \u00e4mnet, plus att v\u00e4cka din nyfikenhet.<\/p><p>F\u00f6r alla er som redan har g\u00e5tt Feng Shui-klasser eller workshops, eller \u00e4r mitt uppe i s\u00e5dana, finns avancerade walk-talks planerade och kommer att dra ig\u00e5ng under v\u00e5ren.\u00a0<\/p>\t\t\t\t\t\t\t\t<\/div>\n\t\t\t\t<\/div>\n\t\t\t\t<\/div>\n\t\t\t\t<\/div>\n\t\t<div class=\"elementor-element elementor-element-a712aae e-con-full e-flex e-con e-parent\" data-id=\"a712aae\" data-element_type=\"container\" data-e-type=\"container\">\n\t\t<div class=\"elementor-element elementor-element-32ecacb e-con-full e-flex e-con e-child\" data-id=\"32ecacb\" data-element_type=\"container\" data-e-type=\"container\">\n\t\t\t\t<div class=\"elementor-element elementor-element-df76417 elementor-align-center elementor-widget elementor-widget-button\" data-id=\"df76417\" data-element_type=\"widget\" data-e-type=\"widget\" data-widget_type=\"button.default\">\n\t\t\t\t<div class=\"elementor-widget-container\">\n\t\t\t\t\t\t\t\t\t<div class=\"elementor-button-wrapper\">\n\t\t\t\t\t<a class=\"elementor-button elementor-button-link elementor-size-sm\" href=\"\/sv\/Contact\/\">\n\t\t\t\t\t\t<span class=\"elementor-button-content-wrapper\">\n\t\t\t\t\t\t\t\t\t<span class=\"elementor-button-text\">Boka h\u00e4r<\/span>\n\t\t\t\t\t<\/span>\n\t\t\t\t\t<\/a>\n\t\t\t\t<\/div>\n\t\t\t\t\t\t\t\t<\/div>\n\t\t\t\t<\/div>\n\t\t\t\t<div class=\"elementor-element elementor-element-2f249b7 elementor-widget__width-inherit elementor-widget elementor-widget-heading\" data-id=\"2f249b7\" data-element_type=\"widget\" data-e-type=\"widget\" data-widget_type=\"heading.default\">\n\t\t\t\t<div class=\"elementor-widget-container\">\n\t\t\t\t\t<h2 class=\"elementor-heading-title elementor-size-default\">NEW SHEDULES FOR SPRING COMING SOON!<\/h2>\t\t\t\t<\/div>\n\t\t\t\t<\/div>\n\t\t\t\t<\/div>\n\t\t\t\t<\/div>\n\t\t\t\t<section class=\"elementor-section elementor-inner-section elementor-element elementor-element-571fa29 elementor-section-boxed elementor-section-height-default elementor-section-height-default\" data-id=\"571fa29\" data-element_type=\"section\" data-e-type=\"section\">\n\t\t\t\t\t\t<div class=\"elementor-container elementor-column-gap-default\">\n\t\t\t\t\t<div class=\"elementor-column elementor-col-33 elementor-inner-column elementor-element elementor-element-bbee5e7\" data-id=\"bbee5e7\" data-element_type=\"column\" data-e-type=\"column\">\n\t\t\t<div class=\"elementor-widget-wrap elementor-element-populated\">\n\t\t\t\t\t\t<div class=\"elementor-element elementor-element-e7735cc elementor-widget elementor-widget-image\" data-id=\"e7735cc\" data-element_type=\"widget\" data-e-type=\"widget\" data-widget_type=\"image.default\">\n\t\t\t\t<div class=\"elementor-widget-container\">\n\t\t\t\t\t\t\t\t\t\t\t\t\t\t\t\t<a href=\"\/sv\/Habitat\/\">\n\t\t\t\t\t\t\t<img fetchpriority=\"high\" decoding=\"async\" width=\"1024\" height=\"768\" src=\"https:\/\/christianegrimm.se\/wp-content\/uploads\/2024\/07\/IMG-20240320-WA0002-1024x768.jpg\" class=\"attachment-large size-large wp-image-11871\" alt=\"\" srcset=\"https:\/\/christianegrimm.se\/wp-content\/uploads\/2024\/07\/IMG-20240320-WA0002-1024x768.jpg 1024w, https:\/\/christianegrimm.se\/wp-content\/uploads\/2024\/07\/IMG-20240320-WA0002-300x225.jpg 300w, https:\/\/christianegrimm.se\/wp-content\/uploads\/2024\/07\/IMG-20240320-WA0002-768x576.jpg 768w, https:\/\/christianegrimm.se\/wp-content\/uploads\/2024\/07\/IMG-20240320-WA0002-1536x1152.jpg 1536w, https:\/\/christianegrimm.se\/wp-content\/uploads\/2024\/07\/IMG-20240320-WA0002-16x12.jpg 16w, https:\/\/christianegrimm.se\/wp-content\/uploads\/2024\/07\/IMG-20240320-WA0002.jpg 1600w\" sizes=\"(max-width: 1024px) 100vw, 1024px\" \/>\t\t\t\t\t\t\t\t<\/a>\n\t\t\t\t\t\t\t\t\t\t\t\t\t\t\t<\/div>\n\t\t\t\t<\/div>\n\t\t\t\t<div class=\"elementor-element elementor-element-93a9d1a elementor-widget elementor-widget-heading\" data-id=\"93a9d1a\" data-element_type=\"widget\" data-e-type=\"widget\" data-widget_type=\"heading.default\">\n\t\t\t\t<div class=\"elementor-widget-container\">\n\t\t\t\t\t<h2 class=\"elementor-heading-title elementor-size-default\">date, Wensday, 16.30-17.45 h<\/h2>\t\t\t\t<\/div>\n\t\t\t\t<\/div>\n\t\t\t\t<div class=\"elementor-element elementor-element-f9df432 elementor-widget elementor-widget-heading\" data-id=\"f9df432\" data-element_type=\"widget\" data-e-type=\"widget\" data-widget_type=\"heading.default\">\n\t\t\t\t<div class=\"elementor-widget-container\">\n\t\t\t\t\t<h2 class=\"elementor-heading-title elementor-size-default\">Habitat<\/h2>\t\t\t\t<\/div>\n\t\t\t\t<\/div>\n\t\t\t\t<div class=\"elementor-element elementor-element-288dab9 elementor-widget elementor-widget-text-editor\" data-id=\"288dab9\" data-element_type=\"widget\" data-e-type=\"widget\" data-widget_type=\"text-editor.default\">\n\t\t\t\t<div class=\"elementor-widget-container\">\n\t\t\t\t\t\t\t\t\t<p>Looking &#8220;over the fence&#8221; in a housing area.<\/p>\t\t\t\t\t\t\t\t<\/div>\n\t\t\t\t<\/div>\n\t\t\t\t\t<\/div>\n\t\t<\/div>\n\t\t\t\t<div class=\"elementor-column elementor-col-33 elementor-inner-column elementor-element elementor-element-ef243a2\" data-id=\"ef243a2\" data-element_type=\"column\" data-e-type=\"column\">\n\t\t\t<div class=\"elementor-widget-wrap elementor-element-populated\">\n\t\t\t\t\t\t<div class=\"elementor-element elementor-element-1454ca6 elementor-widget elementor-widget-image\" data-id=\"1454ca6\" data-element_type=\"widget\" data-e-type=\"widget\" data-widget_type=\"image.default\">\n\t\t\t\t<div class=\"elementor-widget-container\">\n\t\t\t\t\t\t\t\t\t\t\t\t\t\t\t\t<a href=\"\/sv\/Colou\/\">\n\t\t\t\t\t\t\t<img decoding=\"async\" width=\"1024\" height=\"768\" src=\"https:\/\/christianegrimm.se\/wp-content\/uploads\/2024\/07\/IMG-20240717-WA0001-1024x768.jpg\" class=\"attachment-large size-large wp-image-11806\" alt=\"\" srcset=\"https:\/\/christianegrimm.se\/wp-content\/uploads\/2024\/07\/IMG-20240717-WA0001-1024x768.jpg 1024w, https:\/\/christianegrimm.se\/wp-content\/uploads\/2024\/07\/IMG-20240717-WA0001-300x225.jpg 300w, https:\/\/christianegrimm.se\/wp-content\/uploads\/2024\/07\/IMG-20240717-WA0001-768x576.jpg 768w, https:\/\/christianegrimm.se\/wp-content\/uploads\/2024\/07\/IMG-20240717-WA0001-1536x1152.jpg 1536w, https:\/\/christianegrimm.se\/wp-content\/uploads\/2024\/07\/IMG-20240717-WA0001-16x12.jpg 16w, https:\/\/christianegrimm.se\/wp-content\/uploads\/2024\/07\/IMG-20240717-WA0001.jpg 2048w\" sizes=\"(max-width: 1024px) 100vw, 1024px\" \/>\t\t\t\t\t\t\t\t<\/a>\n\t\t\t\t\t\t\t\t\t\t\t\t\t\t\t<\/div>\n\t\t\t\t<\/div>\n\t\t\t\t<div class=\"elementor-element elementor-element-183b903 elementor-widget elementor-widget-heading\" data-id=\"183b903\" data-element_type=\"widget\" data-e-type=\"widget\" data-widget_type=\"heading.default\">\n\t\t\t\t<div class=\"elementor-widget-container\">\n\t\t\t\t\t<h2 class=\"elementor-heading-title elementor-size-default\">date, Wensday, 16.30-17.45 h<\/h2>\t\t\t\t<\/div>\n\t\t\t\t<\/div>\n\t\t\t\t<div class=\"elementor-element elementor-element-ca9d0a7 elementor-widget elementor-widget-heading\" data-id=\"ca9d0a7\" data-element_type=\"widget\" data-e-type=\"widget\" data-widget_type=\"heading.default\">\n\t\t\t\t<div class=\"elementor-widget-container\">\n\t\t\t\t\t<h2 class=\"elementor-heading-title elementor-size-default\">Colours, shapes ...<\/h2>\t\t\t\t<\/div>\n\t\t\t\t<\/div>\n\t\t\t\t<div class=\"elementor-element elementor-element-4492532 elementor-widget elementor-widget-text-editor\" data-id=\"4492532\" data-element_type=\"widget\" data-e-type=\"widget\" data-widget_type=\"text-editor.default\">\n\t\t\t\t<div class=\"elementor-widget-container\">\n\t\t\t\t\t\t\t\t\t<p>Feng Shui\u00a0 &#8211; light, proportions, scale, perspectives &#8230;<\/p>\t\t\t\t\t\t\t\t<\/div>\n\t\t\t\t<\/div>\n\t\t\t\t\t<\/div>\n\t\t<\/div>\n\t\t\t\t<div class=\"elementor-column elementor-col-33 elementor-inner-column elementor-element elementor-element-eea2cd3\" data-id=\"eea2cd3\" data-element_type=\"column\" data-e-type=\"column\">\n\t\t\t<div class=\"elementor-widget-wrap elementor-element-populated\">\n\t\t\t\t\t\t<div class=\"elementor-element elementor-element-d4e25a3 elementor-widget elementor-widget-image\" data-id=\"d4e25a3\" data-element_type=\"widget\" data-e-type=\"widget\" data-widget_type=\"image.default\">\n\t\t\t\t<div class=\"elementor-widget-container\">\n\t\t\t\t\t\t\t\t\t\t\t\t\t\t\t\t<a href=\"\/sv\/Urba\/\" rel=\"nofollow\">\n\t\t\t\t\t\t\t<img decoding=\"async\" width=\"1024\" height=\"768\" src=\"https:\/\/christianegrimm.se\/wp-content\/uploads\/2024\/07\/20240420_160027-1024x768.jpg\" class=\"attachment-large size-large wp-image-11254\" alt=\"\" srcset=\"https:\/\/christianegrimm.se\/wp-content\/uploads\/2024\/07\/20240420_160027-1024x768.jpg 1024w, https:\/\/christianegrimm.se\/wp-content\/uploads\/2024\/07\/20240420_160027-300x225.jpg 300w, https:\/\/christianegrimm.se\/wp-content\/uploads\/2024\/07\/20240420_160027-768x576.jpg 768w, https:\/\/christianegrimm.se\/wp-content\/uploads\/2024\/07\/20240420_160027-1536x1152.jpg 1536w, https:\/\/christianegrimm.se\/wp-content\/uploads\/2024\/07\/20240420_160027-2048x1536.jpg 2048w, https:\/\/christianegrimm.se\/wp-content\/uploads\/2024\/07\/20240420_160027-16x12.jpg 16w\" sizes=\"(max-width: 1024px) 100vw, 1024px\" \/>\t\t\t\t\t\t\t\t<\/a>\n\t\t\t\t\t\t\t\t\t\t\t\t\t\t\t<\/div>\n\t\t\t\t<\/div>\n\t\t\t\t<div class=\"elementor-element elementor-element-b45d769 elementor-widget elementor-widget-heading\" data-id=\"b45d769\" data-element_type=\"widget\" data-e-type=\"widget\" data-widget_type=\"heading.default\">\n\t\t\t\t<div class=\"elementor-widget-container\">\n\t\t\t\t\t<h2 class=\"elementor-heading-title elementor-size-default\">date, Wensday, 16.30-17.45 h<\/h2>\t\t\t\t<\/div>\n\t\t\t\t<\/div>\n\t\t\t\t<div class=\"elementor-element elementor-element-c7a2381 elementor-widget elementor-widget-heading\" data-id=\"c7a2381\" data-element_type=\"widget\" data-e-type=\"widget\" data-widget_type=\"heading.default\">\n\t\t\t\t<div class=\"elementor-widget-container\">\n\t\t\t\t\t<h2 class=\"elementor-heading-title elementor-size-default\">Urban<\/h2>\t\t\t\t<\/div>\n\t\t\t\t<\/div>\n\t\t\t\t<div class=\"elementor-element elementor-element-1968382 elementor-widget elementor-widget-text-editor\" data-id=\"1968382\" data-element_type=\"widget\" data-e-type=\"widget\" data-widget_type=\"text-editor.default\">\n\t\t\t\t<div class=\"elementor-widget-container\">\n\t\t\t\t\t\t\t\t\t<p>Experience Feng Shui in the middle of Stochholm.<\/p>\t\t\t\t\t\t\t\t<\/div>\n\t\t\t\t<\/div>\n\t\t\t\t\t<\/div>\n\t\t<\/div>\n\t\t\t\t\t<\/div>\n\t\t<\/section>\n\t\t\t\t<\/div>","protected":false},"excerpt":{"rendered":"<p>Feng Shui &#8211; Walk talk With an architect on tour in Stockholm. My new project, started last year, are guided thematic Feng Shui tours. I heartly welcome all who are curious about Feng Shui, and\/or want to learn more about it.\u00a0 Together we will explore how Feng Shui\u00a0applies in our built environment -homes and offices.\u00a0I&#8217;ll [&hellip;]<\/p>\n","protected":false},"author":1,"featured_media":0,"parent":0,"menu_order":0,"comment_status":"closed","ping_status":"closed","template":"","meta":{"rank_math_lock_modified_date":false,"footnotes":""},"class_list":["post-69","page","type-page","status-publish","hentry"],"blocksy_meta":[],"_links":{"self":[{"href":"https:\/\/christianegrimm.se\/sv\/wp-json\/wp\/v2\/pages\/69","targetHints":{"allow":["GET"]}}],"collection":[{"href":"https:\/\/christianegrimm.se\/sv\/wp-json\/wp\/v2\/pages"}],"about":[{"href":"https:\/\/christianegrimm.se\/sv\/wp-json\/wp\/v2\/types\/page"}],"author":[{"embeddable":true,"href":"https:\/\/christianegrimm.se\/sv\/wp-json\/wp\/v2\/users\/1"}],"replies":[{"embeddable":true,"href":"https:\/\/christianegrimm.se\/sv\/wp-json\/wp\/v2\/comments?post=69"}],"version-history":[{"count":1089,"href":"https:\/\/christianegrimm.se\/sv\/wp-json\/wp\/v2\/pages\/69\/revisions"}],"predecessor-version":[{"id":12139,"href":"https:\/\/christianegrimm.se\/sv\/wp-json\/wp\/v2\/pages\/69\/revisions\/12139"}],"wp:attachment":[{"href":"https:\/\/christianegrimm.se\/sv\/wp-json\/wp\/v2\/media?parent=69"}],"curies":[{"name":"wp","href":"https:\/\/api.w.org\/{rel}","templated":true}]}}