{"id":65,"date":"2024-01-31T17:37:04","date_gmt":"2024-01-31T16:37:04","guid":{"rendered":"https:\/\/christianegrimm.se\/?page_id=65"},"modified":"2024-08-24T16:00:57","modified_gmt":"2024-08-24T14:00:57","slug":"services","status":"publish","type":"page","link":"https:\/\/christianegrimm.se\/sv\/services\/","title":{"rendered":"Tj\u00e4nster"},"content":{"rendered":"<div data-elementor-type=\"wp-page\" data-elementor-id=\"65\" class=\"elementor elementor-65\">\n\t\t\t\t<div class=\"elementor-element elementor-element-cd37e60 e-con-full e-flex e-con e-parent\" data-id=\"cd37e60\" data-element_type=\"container\" data-e-type=\"container\">\n\t\t<div class=\"elementor-element elementor-element-0364e3c e-con-full e-flex e-con e-child\" data-id=\"0364e3c\" data-element_type=\"container\" data-e-type=\"container\">\n\t\t\t\t<div class=\"elementor-element elementor-element-239837d elementor-widget__width-inherit elementor-widget elementor-widget-heading\" data-id=\"239837d\" data-element_type=\"widget\" data-e-type=\"widget\" data-widget_type=\"heading.default\">\n\t\t\t\t<div class=\"elementor-widget-container\">\n\t\t\t\t\t<h2 class=\"elementor-heading-title elementor-size-default\">Tj\u00e4nster<\/h2>\t\t\t\t<\/div>\n\t\t\t\t<\/div>\n\t\t\t\t<div class=\"elementor-element elementor-element-0388bc4 elementor-widget__width-inherit elementor-widget elementor-widget-heading\" data-id=\"0388bc4\" data-element_type=\"widget\" data-e-type=\"widget\" data-widget_type=\"heading.default\">\n\t\t\t\t<div class=\"elementor-widget-container\">\n\t\t\t\t\t<h5 class=\"elementor-heading-title elementor-size-default\">Att st\u00f6tta m\u00e4nniskor med r\u00e4tt energi.<\/h5>\t\t\t\t<\/div>\n\t\t\t\t<\/div>\n\t\t\t\t<\/div>\n\t\t\t\t<\/div>\n\t\t<div class=\"elementor-element elementor-element-7fe121f e-flex e-con-boxed e-con e-parent\" data-id=\"7fe121f\" data-element_type=\"container\" data-e-type=\"container\">\n\t\t\t\t\t<div class=\"e-con-inner\">\n\t\t\t\t<div class=\"elementor-element elementor-element-18cd047 elementor-widget elementor-widget-text-editor\" data-id=\"18cd047\" data-element_type=\"widget\" data-e-type=\"widget\" data-widget_type=\"text-editor.default\">\n\t\t\t\t<div class=\"elementor-widget-container\">\n\t\t\t\t\t\t\t\t\t<p>Jag tror det \u00e4r dags att b\u00f6rja se den byggda milj\u00f6n vi arbetar och lever i ett annat ljus - att b\u00f6rja t\u00e4nka annorlunda. K\u00e4rnfysiken uppt\u00e4ckte f\u00f6r l\u00e4nge sedan att \u00e4ven de minsta partiklarna av materia bara \u00e4r vibrerande energi, s\u00e5 varf\u00f6r ignorera denna etablerade kunskap? Borde vi inte ist\u00e4llet anv\u00e4nda den f\u00f6r att utforska energin i den byggda milj\u00f6n - och str\u00e4va efter att anv\u00e4nda den energin f\u00f6r att hj\u00e4lpa oss att h\u00e5lla oss friska och vitala?<\/p>\t\t\t\t\t\t\t\t<\/div>\n\t\t\t\t<\/div>\n\t\t\t\t\t<\/div>\n\t\t\t\t<\/div>\n\t\t<div class=\"elementor-element elementor-element-c7cc540 e-flex e-con-boxed e-con e-parent\" data-id=\"c7cc540\" data-element_type=\"container\" data-e-type=\"container\">\n\t\t\t\t\t<div class=\"e-con-inner\">\n\t\t<div class=\"elementor-element elementor-element-9b704b7 e-con-full e-flex e-con e-child\" data-id=\"9b704b7\" data-element_type=\"container\" data-e-type=\"container\">\n\t\t\t\t<div class=\"elementor-element elementor-element-32d47cd elementor-widget__width-inherit elementor-widget elementor-widget-image\" data-id=\"32d47cd\" data-element_type=\"widget\" data-e-type=\"widget\" data-widget_type=\"image.default\">\n\t\t\t\t<div class=\"elementor-widget-container\">\n\t\t\t\t\t\t\t\t\t\t\t\t\t\t\t\t<a href=\"\/sv\/consultations\/\">\n\t\t\t\t\t\t\t<img fetchpriority=\"high\" decoding=\"async\" width=\"1024\" height=\"765\" src=\"https:\/\/christianegrimm.se\/wp-content\/uploads\/2024\/04\/IMG-20240424-WA0003-1024x765.jpg\" class=\"attachment-large size-large wp-image-11159\" alt=\"Feng Shui consultation example\" srcset=\"https:\/\/christianegrimm.se\/wp-content\/uploads\/2024\/04\/IMG-20240424-WA0003-1024x765.jpg 1024w, https:\/\/christianegrimm.se\/wp-content\/uploads\/2024\/04\/IMG-20240424-WA0003-300x224.jpg 300w, https:\/\/christianegrimm.se\/wp-content\/uploads\/2024\/04\/IMG-20240424-WA0003-768x574.jpg 768w, https:\/\/christianegrimm.se\/wp-content\/uploads\/2024\/04\/IMG-20240424-WA0003-1536x1147.jpg 1536w, https:\/\/christianegrimm.se\/wp-content\/uploads\/2024\/04\/IMG-20240424-WA0003-16x12.jpg 16w, https:\/\/christianegrimm.se\/wp-content\/uploads\/2024\/04\/IMG-20240424-WA0003.jpg 1763w\" sizes=\"(max-width: 1024px) 100vw, 1024px\" \/>\t\t\t\t\t\t\t\t<\/a>\n\t\t\t\t\t\t\t\t\t\t\t\t\t\t\t<\/div>\n\t\t\t\t<\/div>\n\t\t\t\t<div class=\"elementor-element elementor-element-37ce84b elementor-widget__width-inherit elementor-widget elementor-widget-text-editor\" data-id=\"37ce84b\" data-element_type=\"widget\" data-e-type=\"widget\" data-widget_type=\"text-editor.default\">\n\t\t\t\t<div class=\"elementor-widget-container\">\n\t\t\t\t\t\t\t\t\t<p>consultation example @ author<\/p>\t\t\t\t\t\t\t\t<\/div>\n\t\t\t\t<\/div>\n\t\t\t\t<div class=\"elementor-element elementor-element-8dcbb8a elementor-widget elementor-widget-heading\" data-id=\"8dcbb8a\" data-element_type=\"widget\" data-e-type=\"widget\" data-widget_type=\"heading.default\">\n\t\t\t\t<div class=\"elementor-widget-container\">\n\t\t\t\t\t<h2 class=\"elementor-heading-title elementor-size-default\">Feng Shui-konsultationer<\/h2>\t\t\t\t<\/div>\n\t\t\t\t<\/div>\n\t\t\t\t<div class=\"elementor-element elementor-element-4c34f4d elementor-widget elementor-widget-text-editor\" data-id=\"4c34f4d\" data-element_type=\"widget\" data-e-type=\"widget\" data-widget_type=\"text-editor.default\">\n\t\t\t\t<div class=\"elementor-widget-container\">\n\t\t\t\t\t\t\t\t\t<p>Hj\u00e4lper m\u00e4nniskor att komma in i sin autenticitet, att leva sin fulla potential.<\/p>\t\t\t\t\t\t\t\t<\/div>\n\t\t\t\t<\/div>\n\t\t\t\t<\/div>\n\t\t<div class=\"elementor-element elementor-element-6c74595 e-con-full e-flex e-con e-child\" data-id=\"6c74595\" data-element_type=\"container\" data-e-type=\"container\">\n\t\t\t\t<div class=\"elementor-element elementor-element-a0e4e5e elementor-widget elementor-widget-image\" data-id=\"a0e4e5e\" data-element_type=\"widget\" data-e-type=\"widget\" data-widget_type=\"image.default\">\n\t\t\t\t<div class=\"elementor-widget-container\">\n\t\t\t\t\t\t\t\t\t\t\t\t\t\t\t\t<a href=\"\/sv\/walk%20talk\/\">\n\t\t\t\t\t\t\t<img decoding=\"async\" width=\"1024\" height=\"768\" src=\"https:\/\/christianegrimm.se\/wp-content\/uploads\/2024\/04\/IMG-20240407-WA0025-1024x768.jpg\" class=\"attachment-large size-large wp-image-9201\" alt=\"Living by lake\" srcset=\"https:\/\/christianegrimm.se\/wp-content\/uploads\/2024\/04\/IMG-20240407-WA0025-1024x768.jpg 1024w, https:\/\/christianegrimm.se\/wp-content\/uploads\/2024\/04\/IMG-20240407-WA0025-300x225.jpg 300w, https:\/\/christianegrimm.se\/wp-content\/uploads\/2024\/04\/IMG-20240407-WA0025-768x576.jpg 768w, https:\/\/christianegrimm.se\/wp-content\/uploads\/2024\/04\/IMG-20240407-WA0025-1536x1152.jpg 1536w, https:\/\/christianegrimm.se\/wp-content\/uploads\/2024\/04\/IMG-20240407-WA0025-16x12.jpg 16w, https:\/\/christianegrimm.se\/wp-content\/uploads\/2024\/04\/IMG-20240407-WA0025.jpg 2048w\" sizes=\"(max-width: 1024px) 100vw, 1024px\" \/>\t\t\t\t\t\t\t\t<\/a>\n\t\t\t\t\t\t\t\t\t\t\t\t\t\t\t<\/div>\n\t\t\t\t<\/div>\n\t\t\t\t<div class=\"elementor-element elementor-element-0ebbe9d elementor-widget__width-inherit elementor-widget elementor-widget-text-editor\" data-id=\"0ebbe9d\" data-element_type=\"widget\" data-e-type=\"widget\" data-widget_type=\"text-editor.default\">\n\t\t\t\t<div class=\"elementor-widget-container\">\n\t\t\t\t\t\t\t\t\t<p>living by the lake @ author<\/p>\t\t\t\t\t\t\t\t<\/div>\n\t\t\t\t<\/div>\n\t\t\t\t<div class=\"elementor-element elementor-element-a5f4cbc elementor-widget elementor-widget-heading\" data-id=\"a5f4cbc\" data-element_type=\"widget\" data-e-type=\"widget\" data-widget_type=\"heading.default\">\n\t\t\t\t<div class=\"elementor-widget-container\">\n\t\t\t\t\t<h2 class=\"elementor-heading-title elementor-size-default\">Walk talks i Stockholm<\/h2>\t\t\t\t<\/div>\n\t\t\t\t<\/div>\n\t\t\t\t<div class=\"elementor-element elementor-element-aa2afdd elementor-widget elementor-widget-text-editor\" data-id=\"aa2afdd\" data-element_type=\"widget\" data-e-type=\"widget\" data-widget_type=\"text-editor.default\">\n\t\t\t\t<div class=\"elementor-widget-container\">\n\t\t\t\t\t\t\t\t\t<p>V\u00e4cker din medvetenhet och dina sinnen. Hj\u00e4lpa dig att verkligen se vad du tittar p\u00e5. F\u00f6r vidare min kunskap, delar erfarenheter.<\/p>\t\t\t\t\t\t\t\t<\/div>\n\t\t\t\t<\/div>\n\t\t\t\t<\/div>\n\t\t<div class=\"elementor-element elementor-element-ba9a2c1 e-con-full e-flex e-con e-child\" data-id=\"ba9a2c1\" data-element_type=\"container\" data-e-type=\"container\">\n\t\t\t\t<div class=\"elementor-element elementor-element-c0dfa92 elementor-widget elementor-widget-image\" data-id=\"c0dfa92\" data-element_type=\"widget\" data-e-type=\"widget\" data-widget_type=\"image.default\">\n\t\t\t\t<div class=\"elementor-widget-container\">\n\t\t\t\t\t\t\t\t\t\t\t\t\t\t\t\t<a href=\"\/sv\/Contact\/\">\n\t\t\t\t\t\t\t<img decoding=\"async\" width=\"1024\" height=\"768\" src=\"https:\/\/christianegrimm.se\/wp-content\/uploads\/2024\/04\/IMG-20240407-WA0029-1024x768.jpg\" class=\"attachment-large size-large wp-image-9202\" alt=\"Friedenskirche_Leipzig_Gohlis_-_Lutherrose\" srcset=\"https:\/\/christianegrimm.se\/wp-content\/uploads\/2024\/04\/IMG-20240407-WA0029-1024x768.jpg 1024w, https:\/\/christianegrimm.se\/wp-content\/uploads\/2024\/04\/IMG-20240407-WA0029-300x225.jpg 300w, https:\/\/christianegrimm.se\/wp-content\/uploads\/2024\/04\/IMG-20240407-WA0029-768x576.jpg 768w, https:\/\/christianegrimm.se\/wp-content\/uploads\/2024\/04\/IMG-20240407-WA0029-1536x1152.jpg 1536w, https:\/\/christianegrimm.se\/wp-content\/uploads\/2024\/04\/IMG-20240407-WA0029-16x12.jpg 16w, https:\/\/christianegrimm.se\/wp-content\/uploads\/2024\/04\/IMG-20240407-WA0029.jpg 2048w\" sizes=\"(max-width: 1024px) 100vw, 1024px\" \/>\t\t\t\t\t\t\t\t<\/a>\n\t\t\t\t\t\t\t\t\t\t\t\t\t\t\t<\/div>\n\t\t\t\t<\/div>\n\t\t\t\t<div class=\"elementor-element elementor-element-c3d6257 elementor-widget__width-inherit elementor-widget elementor-widget-text-editor\" data-id=\"c3d6257\" data-element_type=\"widget\" data-e-type=\"widget\" data-widget_type=\"text-editor.default\">\n\t\t\t\t<div class=\"elementor-widget-container\">\n\t\t\t\t\t\t\t\t\t<p>Friedenskirche Leipzig @ Tilman Piesk<\/p>\t\t\t\t\t\t\t\t<\/div>\n\t\t\t\t<\/div>\n\t\t\t\t<div class=\"elementor-element elementor-element-6676c28 elementor-widget elementor-widget-heading\" data-id=\"6676c28\" data-element_type=\"widget\" data-e-type=\"widget\" data-widget_type=\"heading.default\">\n\t\t\t\t<div class=\"elementor-widget-container\">\n\t\t\t\t\t<h2 class=\"elementor-heading-title elementor-size-default\">Seminarier<\/h2>\t\t\t\t<\/div>\n\t\t\t\t<\/div>\n\t\t\t\t<div class=\"elementor-element elementor-element-57cab9b elementor-widget elementor-widget-text-editor\" data-id=\"57cab9b\" data-element_type=\"widget\" data-e-type=\"widget\" data-widget_type=\"text-editor.default\">\n\t\t\t\t<div class=\"elementor-widget-container\">\n\t\t\t\t\t\t\t\t\t<p>Dessutom kan du boka mig f\u00f6r \u00e4mnesorienterade workshops, kurser och specialiserade interna utbildningstillf\u00e4llen.<\/p>\t\t\t\t\t\t\t\t<\/div>\n\t\t\t\t<\/div>\n\t\t\t\t<\/div>\n\t\t\t\t\t<\/div>\n\t\t\t\t<\/div>\n\t\t<div class=\"elementor-element elementor-element-d874d0d e-flex e-con-boxed e-con e-parent\" data-id=\"d874d0d\" data-element_type=\"container\" data-e-type=\"container\">\n\t\t\t\t\t<div class=\"e-con-inner\">\n\t\t\t\t<div class=\"elementor-element elementor-element-86c6c97 elementor-mobile-align-center elementor-widget elementor-widget-button\" data-id=\"86c6c97\" data-element_type=\"widget\" data-e-type=\"widget\" data-widget_type=\"button.default\">\n\t\t\t\t<div class=\"elementor-widget-container\">\n\t\t\t\t\t\t\t\t\t<div class=\"elementor-button-wrapper\">\n\t\t\t\t\t<a class=\"elementor-button elementor-button-link elementor-size-sm\" href=\"\/sv\/contact\/\">\n\t\t\t\t\t\t<span class=\"elementor-button-content-wrapper\">\n\t\t\t\t\t\t\t\t\t<span class=\"elementor-button-text\">Kontakt<\/span>\n\t\t\t\t\t<\/span>\n\t\t\t\t\t<\/a>\n\t\t\t\t<\/div>\n\t\t\t\t\t\t\t\t<\/div>\n\t\t\t\t<\/div>\n\t\t\t\t\t<\/div>\n\t\t\t\t<\/div>\n\t\t\t\t<\/div>","protected":false},"excerpt":{"rendered":"<p>Services Supporting people with the right energy. (I believe) It\u2019s time to start seeing the built environment we work and live in a different light- to begin thinking differently. Nuclear physics discovered a long time that even the smallest particles of matter are only vibrating energy, so why ignore this established knowledge? Shouldn\u2019t we use [&hellip;]<\/p>\n","protected":false},"author":1,"featured_media":0,"parent":0,"menu_order":0,"comment_status":"closed","ping_status":"closed","template":"","meta":{"rank_math_lock_modified_date":false,"footnotes":""},"class_list":["post-65","page","type-page","status-publish","hentry"],"blocksy_meta":[],"_links":{"self":[{"href":"https:\/\/christianegrimm.se\/sv\/wp-json\/wp\/v2\/pages\/65","targetHints":{"allow":["GET"]}}],"collection":[{"href":"https:\/\/christianegrimm.se\/sv\/wp-json\/wp\/v2\/pages"}],"about":[{"href":"https:\/\/christianegrimm.se\/sv\/wp-json\/wp\/v2\/types\/page"}],"author":[{"embeddable":true,"href":"https:\/\/christianegrimm.se\/sv\/wp-json\/wp\/v2\/users\/1"}],"replies":[{"embeddable":true,"href":"https:\/\/christianegrimm.se\/sv\/wp-json\/wp\/v2\/comments?post=65"}],"version-history":[{"count":1274,"href":"https:\/\/christianegrimm.se\/sv\/wp-json\/wp\/v2\/pages\/65\/revisions"}],"predecessor-version":[{"id":12050,"href":"https:\/\/christianegrimm.se\/sv\/wp-json\/wp\/v2\/pages\/65\/revisions\/12050"}],"wp:attachment":[{"href":"https:\/\/christianegrimm.se\/sv\/wp-json\/wp\/v2\/media?parent=65"}],"curies":[{"name":"wp","href":"https:\/\/api.w.org\/{rel}","templated":true}]}}