{"id":62,"date":"2024-01-31T17:36:42","date_gmt":"2024-01-31T16:36:42","guid":{"rendered":"https:\/\/christianegrimm.se\/?page_id=62"},"modified":"2024-10-01T08:33:32","modified_gmt":"2024-10-01T06:33:32","slug":"about","status":"publish","type":"page","link":"https:\/\/christianegrimm.se\/sv\/about\/","title":{"rendered":"Om mig"},"content":{"rendered":"<div data-elementor-type=\"wp-page\" data-elementor-id=\"62\" class=\"elementor elementor-62\">\n\t\t\t\t<div class=\"elementor-element elementor-element-a416cd7 e-con-full e-flex e-con e-parent\" data-id=\"a416cd7\" data-element_type=\"container\" data-e-type=\"container\" data-settings=\"{&quot;background_background&quot;:&quot;classic&quot;}\">\n\t\t<div class=\"elementor-element elementor-element-9b15f9b e-con-full e-flex e-con e-child\" data-id=\"9b15f9b\" data-element_type=\"container\" data-e-type=\"container\">\n\t\t\t\t<div class=\"elementor-element elementor-element-72e352a elementor-widget-mobile__width-initial elementor-widget__width-initial elementor-widget elementor-widget-text-editor\" data-id=\"72e352a\" data-element_type=\"widget\" data-e-type=\"widget\" data-widget_type=\"text-editor.default\">\n\t\t\t\t<div class=\"elementor-widget-container\">\n\t\t\t\t\t\t\t\t\t<p>Jag brinner f\u00f6r att hj\u00e4lpa m\u00e4nniskor att vara sina autentiska jag och leva ut sin fulla potential. Jag str\u00e4var efter att g\u00f6ra detta genom att omvandla de utrymmen som du bor eller arbetar i till v\u00e4lbalanserade och energigivande platser med hj\u00e4lp av arkitekturens dolda lager - Feng Shui.<\/p>\t\t\t\t\t\t\t\t<\/div>\n\t\t\t\t<\/div>\n\t\t\t\t<div class=\"elementor-element elementor-element-dc602da elementor-widget-mobile__width-initial elementor-widget__width-initial elementor-widget elementor-widget-heading\" data-id=\"dc602da\" data-element_type=\"widget\" data-e-type=\"widget\" data-widget_type=\"heading.default\">\n\t\t\t\t<div class=\"elementor-widget-container\">\n\t\t\t\t\t<h2 class=\"elementor-heading-title elementor-size-default\">Christiane Grimm<\/h2>\t\t\t\t<\/div>\n\t\t\t\t<\/div>\n\t\t\t\t<div class=\"elementor-element elementor-element-c509581 elementor-widget__width-initial elementor-widget-mobile__width-initial elementor-widget elementor-widget-heading\" data-id=\"c509581\" data-element_type=\"widget\" data-e-type=\"widget\" data-widget_type=\"heading.default\">\n\t\t\t\t<div class=\"elementor-widget-container\">\n\t\t\t\t\t<h5 class=\"elementor-heading-title elementor-size-default\">Feng Shui-konsult | Arkitekt | Inredningsdesigner<\/h5>\t\t\t\t<\/div>\n\t\t\t\t<\/div>\n\t\t\t\t<\/div>\n\t\t<div class=\"elementor-element elementor-element-c0f35af e-con-full e-flex e-con e-child\" data-id=\"c0f35af\" data-element_type=\"container\" data-e-type=\"container\">\n\t\t\t\t<div class=\"elementor-element elementor-element-f924ece elementor-widget__width-initial elementor-widget-mobile__width-initial elementor-widget elementor-widget-image\" data-id=\"f924ece\" data-element_type=\"widget\" data-e-type=\"widget\" data-widget_type=\"image.default\">\n\t\t\t\t<div class=\"elementor-widget-container\">\n\t\t\t\t\t\t\t\t\t\t\t\t\t\t\t<img fetchpriority=\"high\" decoding=\"async\" width=\"768\" height=\"432\" src=\"https:\/\/christianegrimm.se\/wp-content\/uploads\/2024\/04\/IMG-20240408-WA0005-768x432.jpg\" class=\"attachment-medium_large size-medium_large wp-image-9490\" alt=\"Feng Shui consultant\" srcset=\"https:\/\/christianegrimm.se\/wp-content\/uploads\/2024\/04\/IMG-20240408-WA0005-768x432.jpg 768w, https:\/\/christianegrimm.se\/wp-content\/uploads\/2024\/04\/IMG-20240408-WA0005-300x169.jpg 300w, https:\/\/christianegrimm.se\/wp-content\/uploads\/2024\/04\/IMG-20240408-WA0005-1024x576.jpg 1024w, https:\/\/christianegrimm.se\/wp-content\/uploads\/2024\/04\/IMG-20240408-WA0005-1536x864.jpg 1536w, https:\/\/christianegrimm.se\/wp-content\/uploads\/2024\/04\/IMG-20240408-WA0005-18x10.jpg 18w, https:\/\/christianegrimm.se\/wp-content\/uploads\/2024\/04\/IMG-20240408-WA0005.jpg 2048w\" sizes=\"(max-width: 768px) 100vw, 768px\" \/>\t\t\t\t\t\t\t\t\t\t\t\t\t\t\t<\/div>\n\t\t\t\t<\/div>\n\t\t\t\t<\/div>\n\t\t\t\t<\/div>\n\t\t<div class=\"elementor-element elementor-element-313ec27 e-flex e-con-boxed e-con e-parent\" data-id=\"313ec27\" data-element_type=\"container\" data-e-type=\"container\">\n\t\t\t\t\t<div class=\"e-con-inner\">\n\t\t\t\t<div class=\"elementor-element elementor-element-de8701a elementor-widget-mobile__width-initial elementor-widget elementor-widget-heading\" data-id=\"de8701a\" data-element_type=\"widget\" data-e-type=\"widget\" data-widget_type=\"heading.default\">\n\t\t\t\t<div class=\"elementor-widget-container\">\n\t\t\t\t\t<h1 class=\"elementor-heading-title elementor-size-default\">Mer om vem jag \u00e4r<\/h1>\t\t\t\t<\/div>\n\t\t\t\t<\/div>\n\t\t\t\t<div class=\"elementor-element elementor-element-5790be6 elementor-widget elementor-widget-text-editor\" data-id=\"5790be6\" data-element_type=\"widget\" data-e-type=\"widget\" data-widget_type=\"text-editor.default\">\n\t\t\t\t<div class=\"elementor-widget-container\">\n\t\t\t\t\t\t\t\t\t<p>Jag v\u00e4xte upp i \u00f6stra Tyskland och 1990 tog jag examen som arkitekt med inriktning p\u00e5 offentliga byggnader. Efter att ha arbetat som arkitekt i n\u00e4stan ett decennium med projekt av olika storlek och omfattning, inklusive inredningsdesign, kom jag i kontakt med Feng Shui.<\/p>\n<p>F\u00f6rst var jag skeptisk, men n\u00e4r jag l\u00e4rde mig mer blev jag fascinerad av dess komplexitet och kunskapen bakom den - kunskap som \u00e4r djupt rotad i kinesisk metafysik, I Ching och daoism. Jag b\u00f6rjade leta efter en l\u00e4rare och hittade en i Derek Walters. Jag var nyfiken p\u00e5 hur Feng Shui kan f\u00f6rb\u00e4ttra den \u00f6vergripande utformningen av hus, utomhus- och inomhusutrymmen och ville l\u00e4ra mig mer. \u00c5r 2000 var jag en av de direkta eleverna till Master Chan Kun Wah - nu storm\u00e4stare och en av de ledande Feng Shui-m\u00e4starna. Jag studerade Da Gua hexagram Feng Shui med honom. Efter min examen deltog jag i flera specialkurser om andra \u00e4mnen inom Feng Shui och kinesisk astrologi.<\/p>\n<p>En bild b\u00f6rjade ta form. Jag b\u00f6rjade se p\u00e5 arkitektur med andra \u00f6gon. Jag k\u00e4nde att det fanns s\u00e5 mycket mer dolt inom den. Jag s\u00f6kte efter en l\u00e4nk till v\u00e5r europeiska tradition, som jag bland annat fann i geomancy och helig geometri. Jag l\u00e4rde mig av Ewald Kalteis, Domvogt Reuters och arkitekten och professor Eike Hensch, experter i geomancy f\u00f6r byggd milj\u00f6. Sedan specialiserade jag mig p\u00e5 byggnadsakustik. Det \u00e4r en av de saker som, n\u00e4r de g\u00f6rs och till\u00e4mpas p\u00e5 r\u00e4tt s\u00e4tt, \u00e4r osynliga f\u00f6r \u00f6gat, men tydligt h\u00f6r- och k\u00e4nnbara. S\u00e5 \u00e4r det ocks\u00e5 med Feng Shui. Chi \u00e4r osynligt f\u00f6r v\u00e5ra \u00f6gon, men vi kan verkligen uppfatta atmosf\u00e4ren p\u00e5 en plats \u2013 p\u00e5 gott eller ont. N\u00e4r vi g\u00e5r i resonans med vissa vibrationer eller avvisar dem. Jag tror att du vet vad jag talar om.<\/p>\n<p>Under de f\u00f6ljande \u00e5ren arbetade jag som arkitekt, inredningsarkitekt och gav f\u00f6rel\u00e4sningar\/konsultationer om Feng Shui. Att bo utomlands och uppleva olika klimat gav mig v\u00e4rdefulla insikter om hur \u00e5rstidsv\u00e4xlingar p\u00e5verkar ljus, f\u00e4rger och, f\u00f6ljaktligen, v\u00e5rt s\u00e4tt att leva. Jag l\u00e4rde mig ocks\u00e5 att f\u00f6rst\u00e5 hur dessa klimatskillnader p\u00e5verkar den lokala arkitekturen och m\u00e4nniskors beteende - hur rumslig struktur, arkitektur och design p\u00e5verkar det m\u00e4nskliga psyket.<\/p>\n<p>Nu bor och arbetar jag som Feng Shui-konsult och f\u00f6rel\u00e4sare i Stockholm.<\/p>\t\t\t\t\t\t\t\t<\/div>\n\t\t\t\t<\/div>\n\t\t\t\t\t<\/div>\n\t\t\t\t<\/div>\n\t\t<div class=\"elementor-element elementor-element-821e0c6 e-flex e-con-boxed e-con e-parent\" data-id=\"821e0c6\" data-element_type=\"container\" data-e-type=\"container\">\n\t\t\t\t\t<div class=\"e-con-inner\">\n\t\t\t\t<div class=\"elementor-element elementor-element-b53d0f2 elementor-align-center elementor-widget elementor-widget-button\" data-id=\"b53d0f2\" data-element_type=\"widget\" data-e-type=\"widget\" data-widget_type=\"button.default\">\n\t\t\t\t<div class=\"elementor-widget-container\">\n\t\t\t\t\t\t\t\t\t<div class=\"elementor-button-wrapper\">\n\t\t\t\t\t<a class=\"elementor-button elementor-button-link elementor-size-sm\" href=\"\/sv\/services\/\">\n\t\t\t\t\t\t<span class=\"elementor-button-content-wrapper\">\n\t\t\t\t\t\t\t\t\t<span class=\"elementor-button-text\">Nyfiken ?<\/span>\n\t\t\t\t\t<\/span>\n\t\t\t\t\t<\/a>\n\t\t\t\t<\/div>\n\t\t\t\t\t\t\t\t<\/div>\n\t\t\t\t<\/div>\n\t\t\t\t\t<\/div>\n\t\t\t\t<\/div>\n\t\t\t\t<\/div>","protected":false},"excerpt":{"rendered":"<p>I am passionate about helping people be their authentic selves and live their full potential. I aim to do this by transforming the spaces, you live or work in into well-balanced and energizing places using architecture\u00b4s hidden layer \u2013 Feng Shui. Christiane Grimm Feng Shui consultant | Architect | Interior designer More about who I [&hellip;]<\/p>\n","protected":false},"author":1,"featured_media":0,"parent":0,"menu_order":0,"comment_status":"closed","ping_status":"closed","template":"","meta":{"rank_math_lock_modified_date":false,"footnotes":""},"class_list":["post-62","page","type-page","status-publish","hentry"],"blocksy_meta":[],"_links":{"self":[{"href":"https:\/\/christianegrimm.se\/sv\/wp-json\/wp\/v2\/pages\/62","targetHints":{"allow":["GET"]}}],"collection":[{"href":"https:\/\/christianegrimm.se\/sv\/wp-json\/wp\/v2\/pages"}],"about":[{"href":"https:\/\/christianegrimm.se\/sv\/wp-json\/wp\/v2\/types\/page"}],"author":[{"embeddable":true,"href":"https:\/\/christianegrimm.se\/sv\/wp-json\/wp\/v2\/users\/1"}],"replies":[{"embeddable":true,"href":"https:\/\/christianegrimm.se\/sv\/wp-json\/wp\/v2\/comments?post=62"}],"version-history":[{"count":1120,"href":"https:\/\/christianegrimm.se\/sv\/wp-json\/wp\/v2\/pages\/62\/revisions"}],"predecessor-version":[{"id":12060,"href":"https:\/\/christianegrimm.se\/sv\/wp-json\/wp\/v2\/pages\/62\/revisions\/12060"}],"wp:attachment":[{"href":"https:\/\/christianegrimm.se\/sv\/wp-json\/wp\/v2\/media?parent=62"}],"curies":[{"name":"wp","href":"https:\/\/api.w.org\/{rel}","templated":true}]}}