{"id":60,"date":"2024-01-31T17:36:26","date_gmt":"2024-01-31T16:36:26","guid":{"rendered":"https:\/\/christianegrimm.se\/?page_id=60"},"modified":"2026-01-23T22:52:07","modified_gmt":"2026-01-23T21:52:07","slug":"home","status":"publish","type":"page","link":"https:\/\/christianegrimm.se\/sv\/","title":{"rendered":"Home"},"content":{"rendered":"<div data-elementor-type=\"wp-page\" data-elementor-id=\"60\" class=\"elementor elementor-60\">\n\t\t\t\t<div class=\"elementor-element elementor-element-5bdaf0c e-con-full e-flex e-con e-parent\" data-id=\"5bdaf0c\" data-element_type=\"container\" data-e-type=\"container\">\n\t\t<div class=\"elementor-element elementor-element-460d308 e-con-full e-flex e-con e-child\" data-id=\"460d308\" data-element_type=\"container\" data-e-type=\"container\">\n\t\t\t\t<div class=\"elementor-element elementor-element-d6180ed elementor-widget__width-inherit elementor-widget elementor-widget-heading\" data-id=\"d6180ed\" data-element_type=\"widget\" data-e-type=\"widget\" data-widget_type=\"heading.default\">\n\t\t\t\t<div class=\"elementor-widget-container\">\n\t\t\t\t\t<h2 class=\"elementor-heading-title elementor-size-default\">Att omvandla utrymmen med hj\u00e4lp av tomrummets \u00f6verfl\u00f6d<\/h2>\t\t\t\t<\/div>\n\t\t\t\t<\/div>\n\t\t\t\t<\/div>\n\t\t\t\t<\/div>\n\t\t<div class=\"elementor-element elementor-element-3154c81 e-flex e-con-boxed e-con e-parent\" data-id=\"3154c81\" data-element_type=\"container\" data-e-type=\"container\">\n\t\t\t\t\t<div class=\"e-con-inner\">\n\t\t<div class=\"elementor-element elementor-element-e4cc0e2 e-con-full e-flex e-con e-child\" data-id=\"e4cc0e2\" data-element_type=\"container\" data-e-type=\"container\" data-settings=\"{&quot;background_background&quot;:&quot;classic&quot;}\">\n\t\t\t\t<div class=\"elementor-element elementor-element-7fc71ab elementor-widget__width-inherit elementor-widget elementor-widget-text-editor\" data-id=\"7fc71ab\" data-element_type=\"widget\" data-e-type=\"widget\" data-widget_type=\"text-editor.default\">\n\t\t\t\t<div class=\"elementor-widget-container\">\n\t\t\t\t\t\t\t\t\t<p>Feng Shui \u00e4r mycket mer \u00e4n arkitektur och inredningsdesign. Det \u00e4r ett energirikt lager, fullt av chi (livsenergi) \u2013 n\u00e4rvarande fr\u00e5n det \u00f6gonblick vi bygger ett hus. Detta visste inte bara kineserna. Feng Shui och Geomancy praktiserades b\u00e5de i Asien och i Europa. Dels f\u00f6r att hitta vatten, mineraler eller v\u00e4rdefulla metaller som koppar, men \u00e4ven f\u00f6r att v\u00e4lja en gynnsam plats f\u00f6r bos\u00e4ttningar. Bel\u00e4gen n\u00e4ra f\u00e4rskt, rinnande vatten, skyddad fr\u00e5n kalla vindar, och naturligtvis med fri utsikt \u00f6ver landskapet.<\/p><p>En arkitekt ger form \u00e5t v\u00e5ra byggnader, formar landskap och rum. Ritar, designar, planerar och ger liv \u00e5t dina id\u00e9er med hj\u00e4lp av byggare, hantverkare, tr\u00e4dg\u00e5rdsm\u00e4stare. Dessa utrymmen omgivna av v\u00e4ggar kallas sedan \u201dk\u00f6ket\u201d, \u201dvardagsrummet\u201d eller \u201dkontoret\u201d. De \u00e4r fulla av information, energi, m\u00f6jligheter och potential.<\/p>\t\t\t\t\t\t\t\t<\/div>\n\t\t\t\t<\/div>\n\t\t\t\t<\/div>\n\t\t\t\t\t<\/div>\n\t\t\t\t<\/div>\n\t\t<div class=\"elementor-element elementor-element-1db006c e-flex e-con-boxed e-con e-parent\" data-id=\"1db006c\" data-element_type=\"container\" data-e-type=\"container\">\n\t\t\t\t\t<div class=\"e-con-inner\">\n\t\t<div class=\"elementor-element elementor-element-acf5cb2 e-flex e-con-boxed e-con e-child\" data-id=\"acf5cb2\" data-element_type=\"container\" data-e-type=\"container\" data-settings=\"{&quot;background_background&quot;:&quot;classic&quot;}\">\n\t\t\t\t\t<div class=\"e-con-inner\">\n\t\t\t\t<div class=\"elementor-element elementor-element-e878a7c elementor-widget__width-inherit elementor-widget elementor-widget-heading\" data-id=\"e878a7c\" data-element_type=\"widget\" data-e-type=\"widget\" data-widget_type=\"heading.default\">\n\t\t\t\t<div class=\"elementor-widget-container\">\n\t\t\t\t\t<h1 class=\"elementor-heading-title elementor-size-default\">Feng Shui - Architecture\u00b4s hidden layer<\/h1>\t\t\t\t<\/div>\n\t\t\t\t<\/div>\n\t\t\t\t<div class=\"elementor-element elementor-element-46df1de elementor-widget__width-inherit elementor-widget elementor-widget-text-editor\" data-id=\"46df1de\" data-element_type=\"widget\" data-e-type=\"widget\" data-widget_type=\"text-editor.default\">\n\t\t\t\t<div class=\"elementor-widget-container\">\n\t\t\t\t\t\t\t\t\t<p>Vem k\u00e4nner inte igen k\u00e4nslan? N\u00e4r du kommer till en plats och n\u00e5got k\u00e4nns fel, \u00e4ven om du inte kan se det eller s\u00e4tta fingret p\u00e5 det. Det kan vara en nyrenoverad, modern fastighet, snyggt och trevligt m\u00f6blerad, men.... Det beror p\u00e5 att vi k\u00e4nner igen oss i, eller tilltalas av den byggda milj\u00f6n d\u00e4r vi bor och arbetar. Den h\u00e5ller med oss eller inte. Vi uppfattar subtil information fr\u00e5n v\u00e5r omgivning och i sin tur bidrar vi till en byggnads minne \u2013 dess historia \u2013 genom hur vi agerar i den.<\/p><p>Som arkitekt har jag b\u00f6rjat f\u00f6rst\u00e5 att ett hus \u00e4r mer \u00e4n de linjer jag ritar p\u00e5 papper. Det \u00e4r levande (fyllt av liv, faktiskt), har en sj\u00e4l, en distinkt atmosf\u00e4r och en \u201dgenius loci\u201d. Och det har en djupg\u00e5ende effekt p\u00e5 oss.<\/p>\t\t\t\t\t\t\t\t<\/div>\n\t\t\t\t<\/div>\n\t\t\t\t\t<\/div>\n\t\t\t\t<\/div>\n\t\t\t\t\t<\/div>\n\t\t\t\t<\/div>\n\t\t<div class=\"elementor-element elementor-element-4cb2089 e-con-full e-flex e-con e-parent\" data-id=\"4cb2089\" data-element_type=\"container\" data-e-type=\"container\" data-settings=\"{&quot;background_background&quot;:&quot;classic&quot;}\">\n\t\t<div class=\"elementor-element elementor-element-5e3ca89 e-con-full e-flex e-con e-child\" data-id=\"5e3ca89\" data-element_type=\"container\" data-e-type=\"container\">\n\t\t\t\t<div class=\"elementor-element elementor-element-17080a3 elementor-widget__width-initial elementor-widget-mobile__width-initial elementor-widget elementor-widget-image\" data-id=\"17080a3\" data-element_type=\"widget\" data-e-type=\"widget\" data-widget_type=\"image.default\">\n\t\t\t\t<div class=\"elementor-widget-container\">\n\t\t\t\t\t\t\t\t\t\t\t\t\t\t\t<img fetchpriority=\"high\" decoding=\"async\" width=\"768\" height=\"576\" src=\"https:\/\/christianegrimm.se\/wp-content\/uploads\/2024\/04\/Running-water-mountain-768x576.jpg\" class=\"attachment-medium_large size-medium_large wp-image-9179\" alt=\"Running water mountain\" srcset=\"https:\/\/christianegrimm.se\/wp-content\/uploads\/2024\/04\/Running-water-mountain-768x576.jpg 768w, https:\/\/christianegrimm.se\/wp-content\/uploads\/2024\/04\/Running-water-mountain-300x225.jpg 300w, https:\/\/christianegrimm.se\/wp-content\/uploads\/2024\/04\/Running-water-mountain-1024x768.jpg 1024w, https:\/\/christianegrimm.se\/wp-content\/uploads\/2024\/04\/Running-water-mountain-1536x1152.jpg 1536w, https:\/\/christianegrimm.se\/wp-content\/uploads\/2024\/04\/Running-water-mountain-16x12.jpg 16w, https:\/\/christianegrimm.se\/wp-content\/uploads\/2024\/04\/Running-water-mountain.jpg 1920w\" sizes=\"(max-width: 768px) 100vw, 768px\" \/>\t\t\t\t\t\t\t\t\t\t\t\t\t\t\t<\/div>\n\t\t\t\t<\/div>\n\t\t\t\t<\/div>\n\t\t<div class=\"elementor-element elementor-element-b1ad72d e-con-full e-flex e-con e-child\" data-id=\"b1ad72d\" data-element_type=\"container\" data-e-type=\"container\">\n\t\t\t\t<div class=\"elementor-element elementor-element-d5ed4a5 elementor-widget-mobile__width-initial elementor-widget__width-initial elementor-widget elementor-widget-text-editor\" data-id=\"d5ed4a5\" data-element_type=\"widget\" data-e-type=\"widget\" data-widget_type=\"text-editor.default\">\n\t\t\t\t<div class=\"elementor-widget-container\">\n\t\t\t\t\t\t\t\t\t<p>Mitt kall \u00e4r att hj\u00e4lpa dig att f\u00f6rvandla din bostad eller arbetsplats till en v\u00e4lbalanserad och energigivande plats. Jag kombinerar Feng Shui med min expertis (inom arkitektur) f\u00f6r att skapa en hel, harmonisk och h\u00e4lsosam milj\u00f6 d\u00e4r du kan utvecklas tryggt och s\u00e4kert, perfekt att bo och arbeta i.<\/p>\t\t\t\t\t\t\t\t<\/div>\n\t\t\t\t<\/div>\n\t\t\t\t<div class=\"elementor-element elementor-element-434abc4 elementor-widget-mobile__width-initial elementor-widget__width-initial elementor-widget elementor-widget-heading\" data-id=\"434abc4\" data-element_type=\"widget\" data-e-type=\"widget\" data-widget_type=\"heading.default\">\n\t\t\t\t<div class=\"elementor-widget-container\">\n\t\t\t\t\t<h2 class=\"elementor-heading-title elementor-size-default\">Christiane Grimm<\/h2>\t\t\t\t<\/div>\n\t\t\t\t<\/div>\n\t\t\t\t<div class=\"elementor-element elementor-element-5494c58 elementor-widget-mobile__width-initial elementor-widget__width-initial elementor-widget elementor-widget-heading\" data-id=\"5494c58\" data-element_type=\"widget\" data-e-type=\"widget\" data-widget_type=\"heading.default\">\n\t\t\t\t<div class=\"elementor-widget-container\">\n\t\t\t\t\t<h5 class=\"elementor-heading-title elementor-size-default\">Feng Shui-konsult | Arkitekt | Inredningsdesigner<\/h5>\t\t\t\t<\/div>\n\t\t\t\t<\/div>\n\t\t\t\t<\/div>\n\t\t\t\t<\/div>\n\t\t<div class=\"elementor-element elementor-element-f99419a e-flex e-con-boxed e-con e-parent\" data-id=\"f99419a\" data-element_type=\"container\" data-e-type=\"container\" data-settings=\"{&quot;background_background&quot;:&quot;classic&quot;}\">\n\t\t\t\t\t<div class=\"e-con-inner\">\n\t\t<div class=\"elementor-element elementor-element-ff0efea e-flex e-con-boxed e-con e-child\" data-id=\"ff0efea\" data-element_type=\"container\" data-e-type=\"container\">\n\t\t\t\t\t<div class=\"e-con-inner\">\n\t\t\t\t<div class=\"elementor-element elementor-element-192329f elementor-widget elementor-widget-heading\" data-id=\"192329f\" data-element_type=\"widget\" data-e-type=\"widget\" data-widget_type=\"heading.default\">\n\t\t\t\t<div class=\"elementor-widget-container\">\n\t\t\t\t\t<h2 class=\"elementor-heading-title elementor-size-default\">Vem jag \u00e4r<\/h2>\t\t\t\t<\/div>\n\t\t\t\t<\/div>\n\t\t\t\t<div class=\"elementor-element elementor-element-7653791 elementor-widget__width-inherit elementor-widget elementor-widget-text-editor\" data-id=\"7653791\" data-element_type=\"widget\" data-e-type=\"widget\" data-widget_type=\"text-editor.default\">\n\t\t\t\t<div class=\"elementor-widget-container\">\n\t\t\t\t\t\t\t\t\t<p>Min yrkesbakgrund \u00e4r inom arkitekturen som jag kombinerar med en tv\u00e4rvetenskaplig erfarenhet f\u00f6r att driva projekt i varierande storlek och omfattning. Jag tycker mest om att arbeta \u201d\u00f6ver gr\u00e4nserna\u201d, i m\u00f6tet mellan arkitektur, Feng Shui, inredningsdesign och m\u00e4nniskor.<\/p>\t\t\t\t\t\t\t\t<\/div>\n\t\t\t\t<\/div>\n\t\t\t\t\t<\/div>\n\t\t\t\t<\/div>\n\t\t\t\t<div class=\"elementor-element elementor-element-eb02960 elementor-widget__width-initial elementor-widget-mobile__width-inherit elementor-widget elementor-widget-image\" data-id=\"eb02960\" data-element_type=\"widget\" data-e-type=\"widget\" data-widget_type=\"image.default\">\n\t\t\t\t<div class=\"elementor-widget-container\">\n\t\t\t\t\t\t\t\t\t\t\t\t\t\t\t<img decoding=\"async\" width=\"768\" height=\"432\" src=\"https:\/\/christianegrimm.se\/wp-content\/uploads\/2024\/04\/IMG-20240407-WA0027-768x432.jpg\" class=\"attachment-medium_large size-medium_large wp-image-9188\" alt=\"Feng Shui consultant\" srcset=\"https:\/\/christianegrimm.se\/wp-content\/uploads\/2024\/04\/IMG-20240407-WA0027-768x432.jpg 768w, https:\/\/christianegrimm.se\/wp-content\/uploads\/2024\/04\/IMG-20240407-WA0027-300x169.jpg 300w, https:\/\/christianegrimm.se\/wp-content\/uploads\/2024\/04\/IMG-20240407-WA0027-1024x576.jpg 1024w, https:\/\/christianegrimm.se\/wp-content\/uploads\/2024\/04\/IMG-20240407-WA0027-1536x864.jpg 1536w, https:\/\/christianegrimm.se\/wp-content\/uploads\/2024\/04\/IMG-20240407-WA0027-18x10.jpg 18w, https:\/\/christianegrimm.se\/wp-content\/uploads\/2024\/04\/IMG-20240407-WA0027.jpg 2048w\" sizes=\"(max-width: 768px) 100vw, 768px\" \/>\t\t\t\t\t\t\t\t\t\t\t\t\t\t\t<\/div>\n\t\t\t\t<\/div>\n\t\t\t\t\t<\/div>\n\t\t\t\t<\/div>\n\t\t<div class=\"elementor-element elementor-element-759c8c1 e-flex e-con-boxed e-con e-parent\" data-id=\"759c8c1\" data-element_type=\"container\" data-e-type=\"container\">\n\t\t\t\t\t<div class=\"e-con-inner\">\n\t\t\t\t<div class=\"elementor-element elementor-element-bed34d0 elementor-widget elementor-widget-heading\" data-id=\"bed34d0\" data-element_type=\"widget\" data-e-type=\"widget\" data-widget_type=\"heading.default\">\n\t\t\t\t<div class=\"elementor-widget-container\">\n\t\t\t\t\t<h2 class=\"elementor-heading-title elementor-size-default\">Vad jag g\u00f6r<\/h2>\t\t\t\t<\/div>\n\t\t\t\t<\/div>\n\t\t\t\t<div class=\"elementor-element elementor-element-fd5dc46 elementor-widget__width-inherit elementor-widget elementor-widget-text-editor\" data-id=\"fd5dc46\" data-element_type=\"widget\" data-e-type=\"widget\" data-widget_type=\"text-editor.default\">\n\t\t\t\t<div class=\"elementor-widget-container\">\n\t\t\t\t\t\t\t\t\t<p>F\u00f6r mig \u00e4r Feng Shui ett universellt, ur\u00e5ldrigt spr\u00e5k som jag anv\u00e4nder i mitt designarbete \u2013 som ett \u00e5tkomstverktyg, en teknik. Som en l\u00e4kare, som k\u00e4nner sin klients puls, tar jag husets puls f\u00f6r att f\u00f6rst\u00e5 var f\u00f6r\u00e4ndringar beh\u00f6vs och f\u00f6r att v\u00e4lja \u201dbotemedlet\u201d. Detta hj\u00e4lper mig att se det underliggande energim\u00f6nstret. Utifr\u00e5n det utarbetar jag sedan ett f\u00f6rslag d\u00e4r jag v\u00e4ljer och f\u00f6resl\u00e5r f\u00f6rem\u00e5l som representerar en viss energi. Vilket i sin tur  ger mig tillg\u00e5ng till byggnadens eller fastighetens energi p\u00e5 en djupare niv\u00e5 \u2013 s\u00e5 att vissa punkter kan aktiveras eller blockeringar l\u00f6sas upp.<\/p>\t\t\t\t\t\t\t\t<\/div>\n\t\t\t\t<\/div>\n\t\t\t\t\t<\/div>\n\t\t\t\t<\/div>\n\t\t<div class=\"elementor-element elementor-element-b10e493 e-flex e-con-boxed e-con e-parent\" data-id=\"b10e493\" data-element_type=\"container\" data-e-type=\"container\">\n\t\t\t\t\t<div class=\"e-con-inner\">\n\t\t\t\t<div class=\"elementor-element elementor-element-0859b60 elementor-widget elementor-widget-heading\" data-id=\"0859b60\" data-element_type=\"widget\" data-e-type=\"widget\" data-widget_type=\"heading.default\">\n\t\t\t\t<div class=\"elementor-widget-container\">\n\t\t\t\t\t<h2 class=\"elementor-heading-title elementor-size-default\">Hur jag anv\u00e4nder det<\/h2>\t\t\t\t<\/div>\n\t\t\t\t<\/div>\n\t\t\t\t<div class=\"elementor-element elementor-element-de908c8 elementor-widget__width-inherit elementor-widget elementor-widget-text-editor\" data-id=\"de908c8\" data-element_type=\"widget\" data-e-type=\"widget\" data-widget_type=\"text-editor.default\">\n\t\t\t\t<div class=\"elementor-widget-container\">\n\t\t\t\t\t\t\t\t\t<p>Jag str\u00e4var alltid efter att skapa ett unikt koncept f\u00f6r varje enskilt projekt, kommersiellt eller privat, med respekt f\u00f6r varje liten detalj. Varje projekt skr\u00e4ddarsys efter rummets eller objektets behov utifr\u00e5n kundens designpreferenser. Jag \u00e4lskar att arbeta med naturliga material av h\u00f6g kvalitet, f\u00f6rem\u00e5l\/m\u00f6bler\/inredning som \u00e4r tillverkade med fina detaljer och gott hantverk. Bra Feng Shui k\u00e4nns tydligt, men b\u00f6r h\u00e5lla sig diskret i bakgrunden inb\u00e4ddad i den \u00f6vergripande designen.<\/p><p>Att till\u00e4mpa Feng Shui i mitt designarbete handlar om att ha r\u00e4tt f\u00f6rem\u00e5l p\u00e5 r\u00e4tt plats, installerade vid r\u00e4tt tidpunkt. G\u00e4rna i din tr\u00e4dg\u00e5rd, eller andra utrymmen utomhus som tillh\u00f6r fastigheten, d\u00e4r det har st\u00f6rre inflytande p\u00e5 energilagren.<\/p>\t\t\t\t\t\t\t\t<\/div>\n\t\t\t\t<\/div>\n\t\t\t\t\t<\/div>\n\t\t\t\t<\/div>\n\t\t\t\t<section class=\"elementor-section elementor-top-section elementor-element elementor-element-e15e990 ct-section-stretched elementor-section-boxed elementor-section-height-default elementor-section-height-default\" data-id=\"e15e990\" data-element_type=\"section\" data-e-type=\"section\">\n\t\t\t\t\t\t<div class=\"elementor-container elementor-column-gap-default\">\n\t\t\t\t\t<div class=\"elementor-column elementor-col-100 elementor-top-column elementor-element elementor-element-766dd84\" data-id=\"766dd84\" data-element_type=\"column\" data-e-type=\"column\">\n\t\t\t<div class=\"elementor-widget-wrap elementor-element-populated\">\n\t\t\t\t\t\t<section class=\"elementor-section elementor-inner-section elementor-element elementor-element-0e70181 elementor-section-full_width elementor-section-height-default elementor-section-height-default\" data-id=\"0e70181\" data-element_type=\"section\" data-e-type=\"section\">\n\t\t\t\t\t\t<div class=\"elementor-container elementor-column-gap-default\">\n\t\t\t\t\t<div class=\"elementor-column elementor-col-33 elementor-inner-column elementor-element elementor-element-3d47f51\" data-id=\"3d47f51\" data-element_type=\"column\" data-e-type=\"column\">\n\t\t\t<div class=\"elementor-widget-wrap elementor-element-populated\">\n\t\t\t\t\t\t<div class=\"elementor-element elementor-element-61cefc3 elementor-widget elementor-widget-image\" data-id=\"61cefc3\" data-element_type=\"widget\" data-e-type=\"widget\" data-widget_type=\"image.default\">\n\t\t\t\t<div class=\"elementor-widget-container\">\n\t\t\t\t\t\t\t\t\t\t\t\t\t\t\t<img decoding=\"async\" width=\"768\" height=\"576\" src=\"https:\/\/christianegrimm.se\/wp-content\/uploads\/2024\/04\/IMG-20240407-WA0021-768x576.jpg\" class=\"attachment-medium_large size-medium_large wp-image-9192\" alt=\"build a porch entrance change\" srcset=\"https:\/\/christianegrimm.se\/wp-content\/uploads\/2024\/04\/IMG-20240407-WA0021-768x576.jpg 768w, https:\/\/christianegrimm.se\/wp-content\/uploads\/2024\/04\/IMG-20240407-WA0021-300x225.jpg 300w, https:\/\/christianegrimm.se\/wp-content\/uploads\/2024\/04\/IMG-20240407-WA0021-1024x768.jpg 1024w, https:\/\/christianegrimm.se\/wp-content\/uploads\/2024\/04\/IMG-20240407-WA0021-1536x1152.jpg 1536w, https:\/\/christianegrimm.se\/wp-content\/uploads\/2024\/04\/IMG-20240407-WA0021-16x12.jpg 16w, https:\/\/christianegrimm.se\/wp-content\/uploads\/2024\/04\/IMG-20240407-WA0021.jpg 2048w\" sizes=\"(max-width: 768px) 100vw, 768px\" \/>\t\t\t\t\t\t\t\t\t\t\t\t\t\t\t<\/div>\n\t\t\t\t<\/div>\n\t\t\t\t<div class=\"elementor-element elementor-element-481c9c2 elementor-widget elementor-widget-text-editor\" data-id=\"481c9c2\" data-element_type=\"widget\" data-e-type=\"widget\" data-widget_type=\"text-editor.default\">\n\t\t\t\t<div class=\"elementor-widget-container\">\n\t\t\t\t\t\t\t\t\t<p>remoddeling an entrance @ author<\/p>\t\t\t\t\t\t\t\t<\/div>\n\t\t\t\t<\/div>\n\t\t\t\t<div class=\"elementor-element elementor-element-74c7a8b elementor-widget__width-initial elementor-widget-mobile__width-inherit elementor-widget elementor-widget-heading\" data-id=\"74c7a8b\" data-element_type=\"widget\" data-e-type=\"widget\" data-widget_type=\"heading.default\">\n\t\t\t\t<div class=\"elementor-widget-container\">\n\t\t\t\t\t<h2 class=\"elementor-heading-title elementor-size-default\">Vad<\/h2>\t\t\t\t<\/div>\n\t\t\t\t<\/div>\n\t\t\t\t<div class=\"elementor-element elementor-element-374e401 elementor-widget elementor-widget-text-editor\" data-id=\"374e401\" data-element_type=\"widget\" data-e-type=\"widget\" data-widget_type=\"text-editor.default\">\n\t\t\t\t<div class=\"elementor-widget-container\">\n\t\t\t\t\t\t\t\t\t<p>Att v\u00e4lja r\u00e4tt f\u00f6rem\u00e5l f\u00f6r det syfte som vi vill uppn\u00e5. Det kan handla om allt fr\u00e5n tr\u00e4dg\u00e5rdsdesign, steninstallationer och vattenytor till g\u00e5ngv\u00e4gar och husets f\u00e4rg. Inomhus kan det handla om vem som anv\u00e4nder vilket rum och till vad, m\u00f6bler, ett f\u00e4rgschema eller att ge r\u00e5d om konstf\u00f6rem\u00e5l.<\/p>\t\t\t\t\t\t\t\t<\/div>\n\t\t\t\t<\/div>\n\t\t\t\t\t<\/div>\n\t\t<\/div>\n\t\t\t\t<div class=\"elementor-column elementor-col-33 elementor-inner-column elementor-element elementor-element-29ec69c\" data-id=\"29ec69c\" data-element_type=\"column\" data-e-type=\"column\">\n\t\t\t<div class=\"elementor-widget-wrap elementor-element-populated\">\n\t\t\t\t\t\t<div class=\"elementor-element elementor-element-835a6b4 elementor-widget elementor-widget-image\" data-id=\"835a6b4\" data-element_type=\"widget\" data-e-type=\"widget\" data-widget_type=\"image.default\">\n\t\t\t\t<div class=\"elementor-widget-container\">\n\t\t\t\t\t\t\t\t\t\t\t\t\t\t\t<img loading=\"lazy\" decoding=\"async\" width=\"768\" height=\"308\" src=\"https:\/\/christianegrimm.se\/wp-content\/uploads\/2024\/04\/IMG-20240407-WA0030.jpg\" class=\"attachment-medium_large size-medium_large wp-image-9196\" alt=\"terrasse remoddeling\" \/>\t\t\t\t\t\t\t\t\t\t\t\t\t\t\t<\/div>\n\t\t\t\t<\/div>\n\t\t\t\t<div class=\"elementor-element elementor-element-b4ea028 elementor-widget elementor-widget-text-editor\" data-id=\"b4ea028\" data-element_type=\"widget\" data-e-type=\"widget\" data-widget_type=\"text-editor.default\">\n\t\t\t\t<div class=\"elementor-widget-container\">\n\t\t\t\t\t\t\t\t\t<p>redesigned terrasse @ author<\/p>\t\t\t\t\t\t\t\t<\/div>\n\t\t\t\t<\/div>\n\t\t\t\t<div class=\"elementor-element elementor-element-c07abed elementor-widget__width-initial elementor-widget-mobile__width-inherit elementor-widget elementor-widget-heading\" data-id=\"c07abed\" data-element_type=\"widget\" data-e-type=\"widget\" data-widget_type=\"heading.default\">\n\t\t\t\t<div class=\"elementor-widget-container\">\n\t\t\t\t\t<h2 class=\"elementor-heading-title elementor-size-default\">Var<\/h2>\t\t\t\t<\/div>\n\t\t\t\t<\/div>\n\t\t\t\t<div class=\"elementor-element elementor-element-d860df3 elementor-widget elementor-widget-text-editor\" data-id=\"d860df3\" data-element_type=\"widget\" data-e-type=\"widget\" data-widget_type=\"text-editor.default\">\n\t\t\t\t<div class=\"elementor-widget-container\">\n\t\t\t\t\t\t\t\t\t<p>Att placera det utvalde f\u00f6rem\u00e5let p\u00e5 en viss plats i en specifik riktning p\u00e5verkar hur energin kan omvandlas. F\u00f6r st\u00f6rre p\u00e5verkan anv\u00e4nder vi utomhusmilj\u00f6ns inverkan p\u00e5 inomhusmilj\u00f6n. Det kan handla om hur vi placerar s\u00e4ngen eller skrivbordet, och i vilken riktning.<\/p>\t\t\t\t\t\t\t\t<\/div>\n\t\t\t\t<\/div>\n\t\t\t\t\t<\/div>\n\t\t<\/div>\n\t\t\t\t<div class=\"elementor-column elementor-col-33 elementor-inner-column elementor-element elementor-element-45beebc\" data-id=\"45beebc\" data-element_type=\"column\" data-e-type=\"column\">\n\t\t\t<div class=\"elementor-widget-wrap elementor-element-populated\">\n\t\t\t\t\t\t<div class=\"elementor-element elementor-element-0c0a16d elementor-widget elementor-widget-image\" data-id=\"0c0a16d\" data-element_type=\"widget\" data-e-type=\"widget\" data-widget_type=\"image.default\">\n\t\t\t\t<div class=\"elementor-widget-container\">\n\t\t\t\t\t\t\t\t\t\t\t\t\t\t\t<img loading=\"lazy\" decoding=\"async\" width=\"768\" height=\"576\" src=\"https:\/\/christianegrimm.se\/wp-content\/uploads\/2024\/04\/Richtfest-by-mimymama-e1712521468555-768x576.jpeg\" class=\"attachment-medium_large size-medium_large wp-image-9171\" alt=\"topping out ceremony taklagsfest Richtfest\" srcset=\"https:\/\/christianegrimm.se\/wp-content\/uploads\/2024\/04\/Richtfest-by-mimymama-e1712521468555-768x576.jpeg 768w, https:\/\/christianegrimm.se\/wp-content\/uploads\/2024\/04\/Richtfest-by-mimymama-e1712521468555-300x225.jpeg 300w, https:\/\/christianegrimm.se\/wp-content\/uploads\/2024\/04\/Richtfest-by-mimymama-e1712521468555-1024x769.jpeg 1024w, https:\/\/christianegrimm.se\/wp-content\/uploads\/2024\/04\/Richtfest-by-mimymama-e1712521468555-16x12.jpeg 16w, https:\/\/christianegrimm.se\/wp-content\/uploads\/2024\/04\/Richtfest-by-mimymama-e1712521468555.jpeg 1199w\" sizes=\"(max-width: 768px) 100vw, 768px\" \/>\t\t\t\t\t\t\t\t\t\t\t\t\t\t\t<\/div>\n\t\t\t\t<\/div>\n\t\t\t\t<div class=\"elementor-element elementor-element-32e6c2f elementor-widget elementor-widget-text-editor\" data-id=\"32e6c2f\" data-element_type=\"widget\" data-e-type=\"widget\" data-widget_type=\"text-editor.default\">\n\t\t\t\t<div class=\"elementor-widget-container\">\n\t\t\t\t\t\t\t\t\t<p>topping out ceremony @ mimymana.de<\/p>\t\t\t\t\t\t\t\t<\/div>\n\t\t\t\t<\/div>\n\t\t\t\t<div class=\"elementor-element elementor-element-fcd75b8 elementor-widget__width-initial elementor-widget-mobile__width-inherit elementor-widget elementor-widget-heading\" data-id=\"fcd75b8\" data-element_type=\"widget\" data-e-type=\"widget\" data-widget_type=\"heading.default\">\n\t\t\t\t<div class=\"elementor-widget-container\">\n\t\t\t\t\t<h2 class=\"elementor-heading-title elementor-size-default\">N\u00e4r<\/h2>\t\t\t\t<\/div>\n\t\t\t\t<\/div>\n\t\t\t\t<div class=\"elementor-element elementor-element-0ec30b8 elementor-widget elementor-widget-text-editor\" data-id=\"0ec30b8\" data-element_type=\"widget\" data-e-type=\"widget\" data-widget_type=\"text-editor.default\">\n\t\t\t\t<div class=\"elementor-widget-container\">\n\t\t\t\t\t\t\t\t\t<p>Det spelar stor roll vid vilken tidpunkt vi genomf\u00f6r de f\u00f6reslagna f\u00f6r\u00e4ndringarna. Till exempel n\u00e4r vi ska p\u00e5b\u00f6rja markarbeten, flytta in, skapa en vattenyta, \u00f6ppna ett f\u00f6retag eller en ny butik. Dessa ber\u00e4kningar \u00e4r personliga och anpassas efter din fastighet eller verksamhet.<\/p>\t\t\t\t\t\t\t\t<\/div>\n\t\t\t\t<\/div>\n\t\t\t\t\t<\/div>\n\t\t<\/div>\n\t\t\t\t\t<\/div>\n\t\t<\/section>\n\t\t\t\t\t<\/div>\n\t\t<\/div>\n\t\t\t\t\t<\/div>\n\t\t<\/section>\n\t\t\t\t<\/div>","protected":false},"excerpt":{"rendered":"<p>Professionell Feng Shui konsult i Stockholm. Arkitekt med specialisering i energioptimering f\u00f6r hem och f\u00f6retag. Skapa harmoniska rum som st\u00f6djer ditt v\u00e4lm\u00e5ende<\/p>","protected":false},"author":1,"featured_media":0,"parent":0,"menu_order":0,"comment_status":"closed","ping_status":"closed","template":"","meta":{"rank_math_lock_modified_date":false,"footnotes":""},"class_list":["post-60","page","type-page","status-publish","hentry"],"blocksy_meta":[],"_links":{"self":[{"href":"https:\/\/christianegrimm.se\/sv\/wp-json\/wp\/v2\/pages\/60","targetHints":{"allow":["GET"]}}],"collection":[{"href":"https:\/\/christianegrimm.se\/sv\/wp-json\/wp\/v2\/pages"}],"about":[{"href":"https:\/\/christianegrimm.se\/sv\/wp-json\/wp\/v2\/types\/page"}],"author":[{"embeddable":true,"href":"https:\/\/christianegrimm.se\/sv\/wp-json\/wp\/v2\/users\/1"}],"replies":[{"embeddable":true,"href":"https:\/\/christianegrimm.se\/sv\/wp-json\/wp\/v2\/comments?post=60"}],"version-history":[{"count":3873,"href":"https:\/\/christianegrimm.se\/sv\/wp-json\/wp\/v2\/pages\/60\/revisions"}],"predecessor-version":[{"id":12174,"href":"https:\/\/christianegrimm.se\/sv\/wp-json\/wp\/v2\/pages\/60\/revisions\/12174"}],"wp:attachment":[{"href":"https:\/\/christianegrimm.se\/sv\/wp-json\/wp\/v2\/media?parent=60"}],"curies":[{"name":"wp","href":"https:\/\/api.w.org\/{rel}","templated":true}]}}