{"id":3682,"date":"2024-02-16T17:12:17","date_gmt":"2024-02-16T16:12:17","guid":{"rendered":"https:\/\/christianegrimm.se\/?page_id=3682"},"modified":"2024-10-01T08:28:14","modified_gmt":"2024-10-01T06:28:14","slug":"consultations","status":"publish","type":"page","link":"https:\/\/christianegrimm.se\/sv\/consultations\/","title":{"rendered":"Konsultationer"},"content":{"rendered":"<div data-elementor-type=\"wp-page\" data-elementor-id=\"3682\" class=\"elementor elementor-3682\">\n\t\t\t\t<div class=\"elementor-element elementor-element-70f71f8 e-con-full e-flex e-con e-parent\" data-id=\"70f71f8\" data-element_type=\"container\" data-e-type=\"container\">\n\t\t<div class=\"elementor-element elementor-element-fa7dd36 e-con-full e-flex e-con e-child\" data-id=\"fa7dd36\" data-element_type=\"container\" data-e-type=\"container\">\n\t\t\t\t<div class=\"elementor-element elementor-element-f4fce8f elementor-widget__width-inherit elementor-widget elementor-widget-heading\" data-id=\"f4fce8f\" data-element_type=\"widget\" data-e-type=\"widget\" data-widget_type=\"heading.default\">\n\t\t\t\t<div class=\"elementor-widget-container\">\n\t\t\t\t\t<h1 class=\"elementor-heading-title elementor-size-default\">Feng Shui-konsultationer<\/h1>\t\t\t\t<\/div>\n\t\t\t\t<\/div>\n\t\t\t\t<div class=\"elementor-element elementor-element-947b093 elementor-widget__width-inherit elementor-widget elementor-widget-heading\" data-id=\"947b093\" data-element_type=\"widget\" data-e-type=\"widget\" data-widget_type=\"heading.default\">\n\t\t\t\t<div class=\"elementor-widget-container\">\n\t\t\t\t\t<h5 class=\"elementor-heading-title elementor-size-default\">Fokus i mitt arbete \u00e4r att hj\u00e4lpa m\u00e4nniskor.<\/h5>\t\t\t\t<\/div>\n\t\t\t\t<\/div>\n\t\t\t\t<\/div>\n\t\t\t\t<\/div>\n\t\t<div class=\"elementor-element elementor-element-0618629 e-flex e-con-boxed e-con e-parent\" data-id=\"0618629\" data-element_type=\"container\" data-e-type=\"container\">\n\t\t\t\t\t<div class=\"e-con-inner\">\n\t\t<div class=\"elementor-element elementor-element-2ae790f e-flex e-con-boxed e-con e-child\" data-id=\"2ae790f\" data-element_type=\"container\" data-e-type=\"container\">\n\t\t\t\t\t<div class=\"e-con-inner\">\n\t\t\t\t<div class=\"elementor-element elementor-element-d1c2de1 elementor-widget elementor-widget-text-editor\" data-id=\"d1c2de1\" data-element_type=\"widget\" data-e-type=\"widget\" data-widget_type=\"text-editor.default\">\n\t\t\t\t<div class=\"elementor-widget-container\">\n\t\t\t\t\t\t\t\t\t<p>Feng Shui kan till\u00e4mpas p\u00e5 n\u00e4stan alla situationer och uppgifter. En Feng Shui-konsults m\u00e5l \u00e4r att ge dig \u201dbotemedlet\u201d, ett f\u00f6rslag till genomf\u00f6rande. Om den (Feng Shui r\u00e5den) utf\u00f6rs\/anv\u00e4nds p\u00e5 r\u00e4tt s\u00e4tt kommer det att leda till en f\u00f6r\u00e4ndring (av den aktuella situationen).<\/p><p>I v\u00e5rt snabba samh\u00e4lle har det blivit allt viktigare att v\u00e5rt hem \u00e4r en oas av frid och ro d\u00e4r vi kan vila, \u00e5terh\u00e4mta oss och ladda v\u00e5ra batterier. Mer \u00e4n n\u00e5gonsin har familjelivet och att uppr\u00e4tth\u00e5lla v\u00e5r h\u00e4lsa blivit viktigt.<\/p><p>N\u00e4r det g\u00e4ller Feng Shui i aff\u00e4rssammanhang skiftar fokus och prioriteringarna \u00e4ndras. Den st\u00f6rsta tillg\u00e5ngen f\u00f6r ett f\u00f6retag \u00e4r motiverade medarbetare, och att skapa en atmosf\u00e4r att trivas och utvecklas i \u00e4r avg\u00f6rande. N\u00e4r det \u00e4r uppn\u00e5tt blir resultaten uppenbara: b\u00e4ttre prestationer, f\u00e4rre sjukskrivningar, smidigare kommunikation och b\u00e4ttre samarbete mellan avdelningarna.<\/p>\t\t\t\t\t\t\t\t<\/div>\n\t\t\t\t<\/div>\n\t\t\t\t\t<\/div>\n\t\t\t\t<\/div>\n\t\t\t\t\t<\/div>\n\t\t\t\t<\/div>\n\t\t<div class=\"elementor-element elementor-element-013710e e-con-full e-flex e-con e-parent\" data-id=\"013710e\" data-element_type=\"container\" data-e-type=\"container\">\n\t\t\t\t<div class=\"elementor-element elementor-element-90a766b elementor-widget elementor-widget-image\" data-id=\"90a766b\" data-element_type=\"widget\" data-e-type=\"widget\" data-widget_type=\"image.default\">\n\t\t\t\t<div class=\"elementor-widget-container\">\n\t\t\t\t\t\t\t\t\t\t\t\t\t\t\t<img fetchpriority=\"high\" decoding=\"async\" width=\"1536\" height=\"864\" src=\"https:\/\/christianegrimm.se\/wp-content\/uploads\/2024\/04\/IMG-20240407-WA0024-1536x864.jpg\" class=\"attachment-1536x1536 size-1536x1536 wp-image-9183\" alt=\"Stockholm\" srcset=\"https:\/\/christianegrimm.se\/wp-content\/uploads\/2024\/04\/IMG-20240407-WA0024-1536x864.jpg 1536w, https:\/\/christianegrimm.se\/wp-content\/uploads\/2024\/04\/IMG-20240407-WA0024-300x169.jpg 300w, https:\/\/christianegrimm.se\/wp-content\/uploads\/2024\/04\/IMG-20240407-WA0024-1024x576.jpg 1024w, https:\/\/christianegrimm.se\/wp-content\/uploads\/2024\/04\/IMG-20240407-WA0024-768x432.jpg 768w, https:\/\/christianegrimm.se\/wp-content\/uploads\/2024\/04\/IMG-20240407-WA0024-18x10.jpg 18w, https:\/\/christianegrimm.se\/wp-content\/uploads\/2024\/04\/IMG-20240407-WA0024.jpg 2048w\" sizes=\"(max-width: 1536px) 100vw, 1536px\" \/>\t\t\t\t\t\t\t\t\t\t\t\t\t\t\t<\/div>\n\t\t\t\t<\/div>\n\t\t\t\t<\/div>\n\t\t<div class=\"elementor-element elementor-element-0e0334a e-flex e-con-boxed e-con e-parent\" data-id=\"0e0334a\" data-element_type=\"container\" data-e-type=\"container\">\n\t\t\t\t\t<div class=\"e-con-inner\">\n\t\t<div class=\"elementor-element elementor-element-7e56f82 e-flex e-con-boxed e-con e-child\" data-id=\"7e56f82\" data-element_type=\"container\" data-e-type=\"container\">\n\t\t\t\t\t<div class=\"e-con-inner\">\n\t\t\t\t<div class=\"elementor-element elementor-element-d1f1a54 elementor-widget elementor-widget-heading\" data-id=\"d1f1a54\" data-element_type=\"widget\" data-e-type=\"widget\" data-widget_type=\"heading.default\">\n\t\t\t\t<div class=\"elementor-widget-container\">\n\t\t\t\t\t<h2 class=\"elementor-heading-title elementor-size-default\">Vad du ocks\u00e5 kanske vill veta (om en konsultation)<\/h2>\t\t\t\t<\/div>\n\t\t\t\t<\/div>\n\t\t\t\t<div class=\"elementor-element elementor-element-ec91d28 elementor-widget elementor-widget-text-editor\" data-id=\"ec91d28\" data-element_type=\"widget\" data-e-type=\"widget\" data-widget_type=\"text-editor.default\">\n\t\t\t\t<div class=\"elementor-widget-container\">\n\t\t\t\t\t\t\t\t\t<p>Personligen f\u00f6redrar jag att genomf\u00f6ra konsultationer p\u00e5 plats, av flera sk\u00e4l. Under konsultationen ser jag saker som klienten inte l\u00e4ngre l\u00e4gger m\u00e4rke till eftersom her blivit s\u00e5 van vid det. Min uppm\u00e4rksamhet kan dras till en detalj som du trodde var obetydlig eller oviktig. Vad jag m\u00f6ter, och k\u00e4nner, vid ankomsten \u00e4r ocks\u00e5 viktigt f\u00f6r mig\/f\u00f6r bed\u00f6mningen. Kom ih\u00e5g att de f\u00f6rsta intrycken r\u00e4knas, eller hur?<\/p><p>Feng Shui fungerar enligt det (hermetiska) mottot \u201dSom ovan - s\u00e5 nedan, som nedan - s\u00e5 ovan. Som inne - s\u00e5 ute, som ute - s\u00e5 inne. Som i det stora, s\u00e5 i det lilla.\u201d Omgivningen \u00e4r d\u00e4rf\u00f6r av stor betydelse, eftersom det \u00e4r h\u00e4r som den energi \u2013 chi \u2013 som ger n\u00e4ring \u00e5t huset och dess inv\u00e5nare genereras. Hur kommer en bes\u00f6kare till huset, kontoret, butiken? Hur ser entr\u00e9n ut? Hur ser tr\u00e4dg\u00e5rden, uterummet ut? Insidan och utsidan \u00e4r alltid relaterade till varandra och kan inte separeras. I sj\u00e4lva verket b\u00f6r de analyseras tillsammans och behandlas som en helhet. D\u00e4rf\u00f6r b\u00f6rjar jag med att studera fastigheten fr\u00e5n utsidan, fasaden, och sedan inuti, rum f\u00f6r rum.<\/p><p>Jag arbetar med ett modernt tillv\u00e4gag\u00e5ngss\u00e4tt och respekterar naturligtvis din egen stil, n\u00e4r jag v\u00e4ljer f\u00f6rem\u00e5l och anpassar de f\u00f6reslagna l\u00f6sningarna. Vad eller hur mycket som beh\u00f6ver \u00e5tg\u00e4rdas varierar fr\u00e5n fall till fall. Genom att tolka de klassiska hexagramm Feng Shui-metoderna kreativt, i kombination med min expertis i design, anv\u00e4nder jag enkla medel f\u00f6r att omforma ditt utrymme. En detalj i r\u00e4tt position utomhus, en omarbetad entr\u00e9, en annan d\u00f6rr- eller v\u00e4ggf\u00e4rg, eller att byta plats och\/eller riktning f\u00f6r s\u00e4ngen eller skrivbordet kan g\u00f6ra stor skillnad.<\/p><p>Varje konsultation \u00e4r h\u00f6gst individuell. F\u00f6r att kunna ge dig ett erbjudande, skr\u00e4ddarsytt efter dina behov, beh\u00f6ver jag mer information om projektet. Till exempel syftet och omfattningen av det \u00f6nskade ingreppet, objektets typ, storleken och placering. Tveka inte att ringa eller mejla mig, s\u00e5 kan vi i ett inledande samtal diskutera exakt vad jag kan hj\u00e4lpa dig med.<\/p>\t\t\t\t\t\t\t\t<\/div>\n\t\t\t\t<\/div>\n\t\t\t\t\t<\/div>\n\t\t\t\t<\/div>\n\t\t\t\t\t<\/div>\n\t\t\t\t<\/div>\n\t\t<div class=\"elementor-element elementor-element-0f8c03a e-con-full e-flex e-con e-parent\" data-id=\"0f8c03a\" data-element_type=\"container\" data-e-type=\"container\">\n\t\t\t\t<div class=\"elementor-element elementor-element-d0a3133 elementor-widget elementor-widget-image\" data-id=\"d0a3133\" data-element_type=\"widget\" data-e-type=\"widget\" data-widget_type=\"image.default\">\n\t\t\t\t<div class=\"elementor-widget-container\">\n\t\t\t\t\t\t\t\t\t\t\t\t\t\t\t<img decoding=\"async\" width=\"1536\" height=\"1152\" src=\"https:\/\/christianegrimm.se\/wp-content\/uploads\/2024\/04\/Running-water-mountain-1536x1152.jpg\" class=\"attachment-1536x1536 size-1536x1536 wp-image-9179\" alt=\"Running water mountain\" srcset=\"https:\/\/christianegrimm.se\/wp-content\/uploads\/2024\/04\/Running-water-mountain-1536x1152.jpg 1536w, https:\/\/christianegrimm.se\/wp-content\/uploads\/2024\/04\/Running-water-mountain-300x225.jpg 300w, https:\/\/christianegrimm.se\/wp-content\/uploads\/2024\/04\/Running-water-mountain-1024x768.jpg 1024w, https:\/\/christianegrimm.se\/wp-content\/uploads\/2024\/04\/Running-water-mountain-768x576.jpg 768w, https:\/\/christianegrimm.se\/wp-content\/uploads\/2024\/04\/Running-water-mountain-16x12.jpg 16w, https:\/\/christianegrimm.se\/wp-content\/uploads\/2024\/04\/Running-water-mountain.jpg 1920w\" sizes=\"(max-width: 1536px) 100vw, 1536px\" \/>\t\t\t\t\t\t\t\t\t\t\t\t\t\t\t<\/div>\n\t\t\t\t<\/div>\n\t\t\t\t<\/div>\n\t\t<div class=\"elementor-element elementor-element-4dd5142 e-flex e-con-boxed e-con e-parent\" data-id=\"4dd5142\" data-element_type=\"container\" data-e-type=\"container\">\n\t\t\t\t\t<div class=\"e-con-inner\">\n\t\t<div class=\"elementor-element elementor-element-c0477cf e-flex e-con-boxed e-con e-child\" data-id=\"c0477cf\" data-element_type=\"container\" data-e-type=\"container\">\n\t\t\t\t\t<div class=\"e-con-inner\">\n\t\t\t\t<div class=\"elementor-element elementor-element-4e6e043 elementor-widget elementor-widget-heading\" data-id=\"4e6e043\" data-element_type=\"widget\" data-e-type=\"widget\" data-widget_type=\"heading.default\">\n\t\t\t\t<div class=\"elementor-widget-container\">\n\t\t\t\t\t<h2 class=\"elementor-heading-title elementor-size-default\">Ytterligare konsulttj\u00e4nster<\/h2>\t\t\t\t<\/div>\n\t\t\t\t<\/div>\n\t\t\t\t<div class=\"elementor-element elementor-element-e059420 elementor-widget elementor-widget-text-editor\" data-id=\"e059420\" data-element_type=\"widget\" data-e-type=\"widget\" data-widget_type=\"text-editor.default\">\n\t\t\t\t<div class=\"elementor-widget-container\">\n\t\t\t\t\t\t\t\t\t<p>Om du hellre vill det kan jag ist\u00e4llet hj\u00e4lpa dig utanf\u00f6r ramarna f\u00f6r en Feng Shui-konsultation, till exempel ge r\u00e5d i egenskap av arkitekt och inredningsdesigner. Jag kan \u00e4ven hj\u00e4lpa dig med n\u00f6dv\u00e4ndigt planeringsarbete, samt \u00f6vervaka genomf\u00f6randet (inklusive tillst\u00e5ndsans\u00f6kningar),  oavsett om det g\u00e4ller ombyggnad, utbyggnad eller renovering. Jag g\u00f6r ocks\u00e5 inredningsprojekt f\u00f6r privata och kommersiella utrymmen \u2013 allt fr\u00e5n skr\u00e4ddarsydda l\u00f6sningar, specialanpassade k\u00f6k, badrum och m\u00f6bler till de minsta detaljerna.<\/p>\t\t\t\t\t\t\t\t<\/div>\n\t\t\t\t<\/div>\n\t\t\t\t\t<\/div>\n\t\t\t\t<\/div>\n\t\t\t\t\t<\/div>\n\t\t\t\t<\/div>\n\t\t<div class=\"elementor-element elementor-element-cf6c6f9 e-flex e-con-boxed e-con e-parent\" data-id=\"cf6c6f9\" data-element_type=\"container\" data-e-type=\"container\">\n\t\t\t\t\t<div class=\"e-con-inner\">\n\t\t\t\t<div class=\"elementor-element elementor-element-28b2dd9 elementor-align-center elementor-widget elementor-widget-button\" data-id=\"28b2dd9\" data-element_type=\"widget\" data-e-type=\"widget\" data-widget_type=\"button.default\">\n\t\t\t\t<div class=\"elementor-widget-container\">\n\t\t\t\t\t\t\t\t\t<div class=\"elementor-button-wrapper\">\n\t\t\t\t\t<a class=\"elementor-button elementor-button-link elementor-size-sm\" href=\"\/sv\/Contact\/\">\n\t\t\t\t\t\t<span class=\"elementor-button-content-wrapper\">\n\t\t\t\t\t\t\t\t\t<span class=\"elementor-button-text\">Kontakt<\/span>\n\t\t\t\t\t<\/span>\n\t\t\t\t\t<\/a>\n\t\t\t\t<\/div>\n\t\t\t\t\t\t\t\t<\/div>\n\t\t\t\t<\/div>\n\t\t\t\t\t<\/div>\n\t\t\t\t<\/div>\n\t\t\t\t<\/div>","protected":false},"excerpt":{"rendered":"<p>Feng Shui consultations The focus of my work is helping people. Feng Shui can be applied to almost every situation and task. A Feng Shui consultant\u00b4s goal is to provide you with the \u201cremedy\u201d, a proposal for implementation. If implemented according to the advice, the Feng Shui remedy will bring about a transformation (of the [&hellip;]<\/p>\n","protected":false},"author":1,"featured_media":0,"parent":0,"menu_order":0,"comment_status":"closed","ping_status":"closed","template":"","meta":{"rank_math_lock_modified_date":false,"footnotes":""},"class_list":["post-3682","page","type-page","status-publish","hentry"],"blocksy_meta":[],"_links":{"self":[{"href":"https:\/\/christianegrimm.se\/sv\/wp-json\/wp\/v2\/pages\/3682","targetHints":{"allow":["GET"]}}],"collection":[{"href":"https:\/\/christianegrimm.se\/sv\/wp-json\/wp\/v2\/pages"}],"about":[{"href":"https:\/\/christianegrimm.se\/sv\/wp-json\/wp\/v2\/types\/page"}],"author":[{"embeddable":true,"href":"https:\/\/christianegrimm.se\/sv\/wp-json\/wp\/v2\/users\/1"}],"replies":[{"embeddable":true,"href":"https:\/\/christianegrimm.se\/sv\/wp-json\/wp\/v2\/comments?post=3682"}],"version-history":[{"count":978,"href":"https:\/\/christianegrimm.se\/sv\/wp-json\/wp\/v2\/pages\/3682\/revisions"}],"predecessor-version":[{"id":12056,"href":"https:\/\/christianegrimm.se\/sv\/wp-json\/wp\/v2\/pages\/3682\/revisions\/12056"}],"wp:attachment":[{"href":"https:\/\/christianegrimm.se\/sv\/wp-json\/wp\/v2\/media?parent=3682"}],"curies":[{"name":"wp","href":"https:\/\/api.w.org\/{rel}","templated":true}]}}